{"id":103,"date":"2023-02-09T20:34:50","date_gmt":"2023-02-09T20:34:50","guid":{"rendered":"https:\/\/www.speedstacks.freestacks.ch\/?page_id=103"},"modified":"2023-02-09T20:43:14","modified_gmt":"2023-02-09T20:43:14","slug":"speed-stacks","status":"publish","type":"page","link":"https:\/\/www.speedstacks.ch\/fr\/speed-stacks\/","title":{"rendered":"Speed Stacks"},"content":{"rendered":"<p><strong>La marque<\/strong><\/p>\n<p>Speed Stacks ist die Marke hinter den Produkten. Nur diese sind an den Turnieren der WSSA zugelassen. Nebst Bechern, werden auch Matten, Timer und weitere Produkte hergestellt und verkauft. Auch bereits f\u00fcr Anf\u00e4nger empfehlen wir den Kauf der Originalprodukte, da bei einer Turnierteilnahme sonst erst noch auf diese umgestellt werden muss, was f\u00fcr einen Sportler einen erheblichen Nachteil bereiten kann. Doch welche Becher passen genau zu mir? Einfach mal den Shop durchst\u00f6bern und sonst gerne nachfragen &#8211; grunds\u00e4tzlich gilt: Bauchgef\u00fchl! Die Farben spielen keine all zu grosse Rolle.<\/p>","protected":false},"excerpt":{"rendered":"","protected":false},"author":1,"featured_media":0,"parent":0,"menu_order":0,"comment_status":"closed","ping_status":"closed","template":"","meta":{"pagelayer_contact_templates":[],"_pagelayer_content":"","footnotes":""},"class_list":["post-103","page","type-page","status-publish","hentry"],"jetpack_sharing_enabled":true,"_links":{"self":[{"href":"https:\/\/www.speedstacks.ch\/fr\/wp-json\/wp\/v2\/pages\/103","targetHints":{"allow":["GET"]}}],"collection":[{"href":"https:\/\/www.speedstacks.ch\/fr\/wp-json\/wp\/v2\/pages"}],"about":[{"href":"https:\/\/www.speedstacks.ch\/fr\/wp-json\/wp\/v2\/types\/page"}],"author":[{"embeddable":true,"href":"https:\/\/www.speedstacks.ch\/fr\/wp-json\/wp\/v2\/users\/1"}],"replies":[{"embeddable":true,"href":"https:\/\/www.speedstacks.ch\/fr\/wp-json\/wp\/v2\/comments?post=103"}],"version-history":[{"count":5,"href":"https:\/\/www.speedstacks.ch\/fr\/wp-json\/wp\/v2\/pages\/103\/revisions"}],"predecessor-version":[{"id":113,"href":"https:\/\/www.speedstacks.ch\/fr\/wp-json\/wp\/v2\/pages\/103\/revisions\/113"}],"wp:attachment":[{"href":"https:\/\/www.speedstacks.ch\/fr\/wp-json\/wp\/v2\/media?parent=103"}],"curies":[{"name":"wp","href":"https:\/\/api.w.org\/{rel}","templated":true}]}}