{"id":115,"date":"2023-02-09T20:53:34","date_gmt":"2023-02-09T20:53:34","guid":{"rendered":"https:\/\/www.speedstacks.freestacks.ch\/?page_id=115"},"modified":"2023-02-09T20:55:27","modified_gmt":"2023-02-09T20:55:27","slug":"team","status":"publish","type":"page","link":"https:\/\/www.speedstacks.ch\/fr\/team\/","title":{"rendered":"Team"},"content":{"rendered":"<p><strong>Team Speed Stacks Schweiz<\/strong><\/p>\n<p>Unser Team engagiert sich f\u00fcr die Aufbauarbeit des Sport Stacking nach den Richtlinien des Weltverbandes WSSA. Als offizielle Lizenzpartner des Erfinderteams aus den USA geh\u00f6ren wir zum gr\u00f6ssten Netzwerk dieser neuen Sportart, welchem bereits \u00fcber 42\u2018400 Schulen und Organisationen aus 54 L\u00e4ndern angeh\u00f6ren.<\/p>\n<p>Unsere Repr\u00e4sentanten und Kursleiter unter der Hauptleitung von Angela Herger sind begeistert von den vielseitigen M\u00f6glichkeiten des genialen Koordinations- und Konzentrationstrainings und geben ihre Faszination f\u00fcr die neue Trendsportart gerne an Sie oder an Ihre Lernenden weiter. Viele von uns k\u00f6nnen auch sportliche Erfolge und Meistertitel an Turnieren, Schweizer- und Weltmeisterschaften vorweisen. Vertrauen Sie auf unsere Kompetenz und lassen Sie sich durch unser Team vom Bechervirus anstecken \u2013 Be a part of it!<\/p>\n<p>Als offizielle Lizenzpartner d\u00fcrfen wir das qualitativ hochwertige Ausr\u00fcstungsmaterial von SPEED STACKS selber in die Schweiz importieren. Sie k\u00f6nnen die Originalprodukte des Erfinderteams gerne direkt bei uns beziehen. Sie erhalten faire Konditionen und unterst\u00fctzen mit Ihrem Kauf unsere weitere Aufbauarbeit.<\/p>\n<p><br><\/p>\n<p><br><\/p>\n<p><strong>Wir helfen gerne weiter<\/strong><\/p>\n<p>Suchen Sie engagierte und kompetente Kursleiter f\u00fcr einen Einf\u00fchrungs- oder Weiterbildungs-Workshop? M\u00f6chten Sie Sport Stacking an Ihrem Anlass oder an Ihrer Sportveranstaltung einbringen? Brauchen Sie Hilfe beim Aufbau einer Trainingsgruppe oder bei der Organisation eines eigenen Turniers? Oder m\u00f6chten Sie kompetente Beratung beim Kauf von Ausr\u00fcstungsmaterial und allen weiteren Fragen rund um Sport Stacking. Kontaktieren Sie einfach die regionale Repr\u00e4sentantin Ihrer Region. Sie hilft Ihnen gerne weiter.<\/p>","protected":false},"excerpt":{"rendered":"","protected":false},"author":1,"featured_media":0,"parent":0,"menu_order":0,"comment_status":"closed","ping_status":"closed","template":"","meta":{"pagelayer_contact_templates":[],"_pagelayer_content":"","footnotes":""},"class_list":["post-115","page","type-page","status-publish","hentry"],"jetpack_sharing_enabled":true,"_links":{"self":[{"href":"https:\/\/www.speedstacks.ch\/fr\/wp-json\/wp\/v2\/pages\/115","targetHints":{"allow":["GET"]}}],"collection":[{"href":"https:\/\/www.speedstacks.ch\/fr\/wp-json\/wp\/v2\/pages"}],"about":[{"href":"https:\/\/www.speedstacks.ch\/fr\/wp-json\/wp\/v2\/types\/page"}],"author":[{"embeddable":true,"href":"https:\/\/www.speedstacks.ch\/fr\/wp-json\/wp\/v2\/users\/1"}],"replies":[{"embeddable":true,"href":"https:\/\/www.speedstacks.ch\/fr\/wp-json\/wp\/v2\/comments?post=115"}],"version-history":[{"count":3,"href":"https:\/\/www.speedstacks.ch\/fr\/wp-json\/wp\/v2\/pages\/115\/revisions"}],"predecessor-version":[{"id":118,"href":"https:\/\/www.speedstacks.ch\/fr\/wp-json\/wp\/v2\/pages\/115\/revisions\/118"}],"wp:attachment":[{"href":"https:\/\/www.speedstacks.ch\/fr\/wp-json\/wp\/v2\/media?parent=115"}],"curies":[{"name":"wp","href":"https:\/\/api.w.org\/{rel}","templated":true}]}}