{"id":119,"date":"2023-02-09T20:56:18","date_gmt":"2023-02-09T20:56:18","guid":{"rendered":"https:\/\/www.speedstacks.freestacks.ch\/?page_id=119"},"modified":"2025-04-08T21:59:05","modified_gmt":"2025-04-08T21:59:05","slug":"schulen-organisationen","status":"publish","type":"page","link":"https:\/\/www.speedstacks.ch\/fr\/schulen-organisationen\/","title":{"rendered":"\u00c9coles &amp; organisations"},"content":{"rendered":"<p><strong>Sport Stacking en classe<\/strong><\/p>\n\n\n<p>Le Sport Stacking a \u00e9t\u00e9 d\u00e9velopp\u00e9 par des enseignants afin d'utiliser les possibilit\u00e9s g\u00e9niales de l'entra\u00eenement de la coordination et de la concentration en classe. La diffusion de cette discipline sportive, qui conna\u00eet actuellement la plus forte croissance, se fait donc encore aujourd'hui principalement par le biais des \u00e9coles et des organisations. De plus en plus d'enseignants, d'\u00e9ducateurs et d'entra\u00eeneurs du monde entier travaillent avec les speed stacks. Ils int\u00e8grent le sport stacking dans leurs cours et encouragent ainsi la concentration, la coordination, l'esprit d'\u00e9quipe et le plaisir de bouger. Si vous souhaitez en faire partie, nous vous aiderons volontiers \u00e0 lancer un programme de Sport Stacking. See It, Believe It, Teach It...<\/p>\n\n\n<p><br><\/p>\n\n\n<p><br><\/p>\n\n\n<p><strong>Ateliers<\/strong><\/p>\n\n\n<p>Si vous souhaitez d\u00e9couvrir personnellement le Sport Stacking, nous vous recommandons de participer en premier lieu \u00e0 un atelier. Gr\u00e2ce \u00e0 l'introduction comp\u00e9tente de nos responsables de cours, vous apprendrez tr\u00e8s rapidement la bonne technique en tant qu'enseignant et recevrez de pr\u00e9cieux conseils pour votre propre activit\u00e9 d'enseignement. Nous pouvons composer le contenu des cours en fonction de vos besoins et de vos possibilit\u00e9s.<\/p>\n\n\n<p>Nous pouvons \u00e9galement initier votre classe ou votre groupe d'entra\u00eenement \u00e0 l'art d'empiler des gobelets. Gr\u00e2ce \u00e0 l'introduction comp\u00e9tente de nos moniteurs, les apprenants apprennent tr\u00e8s rapidement la technique de base correcte et un facteur de plaisir \u00e9lev\u00e9 est garanti d\u00e8s le d\u00e9but. Profitez de l'influence positive des mod\u00e8les sportifs - on \u00e9mule volontiers un champion du monde ou un champion suisse dans l'apprentissage de la technique de base.<\/p>\n\n<p>Nous proposons des ateliers pour les \u00e9coles et les organisations \u00e0 des conditions tr\u00e8s avantageuses. Pour un atelier d'introduction de 90 minutes (prix de base incluant le mat\u00e9riel de pr\u00eat et la documentation du cours), nous facturons 220 CHF, auxquels s'ajoutent des frais de d\u00e9placement de 0,70 CHF \/ km. Des d\u00e9tails complets sur les conditions g\u00e9n\u00e9rales sont disponibles sur demande. Nos responsables de cours vous soumettront volontiers une offre adapt\u00e9e \u00e0 votre \u00e9v\u00e9nement.<\/p>\n\n<p><br><\/p>\n\n\n<p><br><\/p>\n\n\n<p><strong>\u00c9quipement pour l'enseignement<\/strong><\/p>\n\n\n<p>Du simple set de gobelets \u00e0 la mallette scolaire sp\u00e9cialement compos\u00e9e et au set de salle de classe, vous trouverez chez nous un grand choix de mat\u00e9riel pour vos cours.<\/p>\n\n<p>Schulen und Organisationen erhalten mit dem Rabattcode SCHULE10 exklusiv 10% Rabatt auf alle Artikel, ausgenommen Schulmaterial. Die Angebote unter den Schulkategorien sind bereits reduziert.<\/p>\n\n<p><br><\/p>\n\n\n<p><br><\/p>\n\n\n<p><strong>Service de pr\u00eat<\/strong><\/p>\n\n<p>Vielleicht haben Sie im Moment noch nicht das entsprechende Budget f\u00fcr die Anschaffung eines Sport Packs oder m\u00f6chten die neue Sportart mit Ihrer Gruppe erst einmal ausprobieren. F\u00fcr diesen Fall bieten wir Schulen und Organisationen einen Ausleihservice von Ausr\u00fcstungsware an. Wir verrechnen eine faire Leihgeb\u00fchr und unsere Versandkosten.<\/p>\n\n<p><br><\/p>\n\n\n<p><br><\/p>","protected":false},"excerpt":{"rendered":"","protected":false},"author":1,"featured_media":0,"parent":0,"menu_order":0,"comment_status":"closed","ping_status":"closed","template":"","meta":{"pagelayer_contact_templates":[],"_pagelayer_content":"","footnotes":""},"class_list":["post-119","page","type-page","status-publish","hentry"],"jetpack_sharing_enabled":true,"_links":{"self":[{"href":"https:\/\/www.speedstacks.ch\/fr\/wp-json\/wp\/v2\/pages\/119","targetHints":{"allow":["GET"]}}],"collection":[{"href":"https:\/\/www.speedstacks.ch\/fr\/wp-json\/wp\/v2\/pages"}],"about":[{"href":"https:\/\/www.speedstacks.ch\/fr\/wp-json\/wp\/v2\/types\/page"}],"author":[{"embeddable":true,"href":"https:\/\/www.speedstacks.ch\/fr\/wp-json\/wp\/v2\/users\/1"}],"replies":[{"embeddable":true,"href":"https:\/\/www.speedstacks.ch\/fr\/wp-json\/wp\/v2\/comments?post=119"}],"version-history":[{"count":5,"href":"https:\/\/www.speedstacks.ch\/fr\/wp-json\/wp\/v2\/pages\/119\/revisions"}],"predecessor-version":[{"id":1528,"href":"https:\/\/www.speedstacks.ch\/fr\/wp-json\/wp\/v2\/pages\/119\/revisions\/1528"}],"wp:attachment":[{"href":"https:\/\/www.speedstacks.ch\/fr\/wp-json\/wp\/v2\/media?parent=119"}],"curies":[{"name":"wp","href":"https:\/\/api.w.org\/{rel}","templated":true}]}}