{"id":122,"date":"2023-02-09T21:04:45","date_gmt":"2023-02-09T21:04:45","guid":{"rendered":"https:\/\/www.speedstacks.freestacks.ch\/?page_id=122"},"modified":"2023-02-09T21:09:42","modified_gmt":"2023-02-09T21:09:42","slug":"events-messen","status":"publish","type":"page","link":"https:\/\/www.speedstacks.ch\/fr\/events-messen\/","title":{"rendered":"\u00c9v\u00e9nements &amp; salons"},"content":{"rendered":"<p><strong>L'attraction du public<\/strong><\/p>\n\n\n<p>Sport Stacking avec notre \u00e9quipe enrichit les manifestations sportives, les expositions, les f\u00eates pour enfants, les anniversaires, les f\u00eates, les journ\u00e9es portes ouvertes et bien d'autres \u00e9v\u00e9nements.<\/p>\n\n\n<p>Demandez sans engagement - nous nous adaptons \u00e0 vos souhaits et vous conseillons volontiers. En discutant ensemble, nous trouverons certainement une solution parfaitement adapt\u00e9e \u00e0 votre \u00e9v\u00e9nement.<\/p>\n\n\n<p><br><\/p>\n\n\n<p><br><\/p>\n\n\n<p><strong>L'accroche-regard sur le stand<\/strong><\/p>\n\n\n<p>Le Sport Stacking offre de toutes nouvelles possibilit\u00e9s pour captiver un grand public et se distinguer de la masse ! Le sport stacking fascine et attire l'attention par son aspect visuel. Les visiteurs et les invit\u00e9s peuvent s'\u00e9tonner, essayer eux-m\u00eames et participer. Ainsi, vous associez peut-\u00eatre la pr\u00e9sentation de votre entreprise \u00e0 l'exp\u00e9rience la plus inhabituelle et la plus impressionnante de votre visite au salon.<\/p>\n\n\n<p>Les membres de notre \u00e9quipe enrichissent votre stand avec des activit\u00e9s qui attirent le public, une habilet\u00e9 et une vitesse fascinantes. Notre \u00e9quipe comprend des participants aux championnats du monde, des champions suisses, des champions du monde et des d\u00e9tenteurs de records suisses en titre.<\/p>\n\n\n<p><br><\/p>\n\n\n<p><br><\/p>\n\n\n<p><strong>Activit\u00e9 physique lors de l'\u00e9v\u00e9nement<\/strong><\/p>\n\n\n<p><u>\u00c9v\u00e9nement d'entreprise<\/u><\/p>\n<p>R\u00e9servez pour votre \u00e9v\u00e9nement d'entreprise (par ex. repas de fin d'ann\u00e9e, excursion, etc.) une partie active avec du Sport Stacking. Nous initierons vos collaborateurs \u00e0 la technique de base et, si vous le souhaitez, nous pourrons m\u00eame organiser un petit tournoi amical pour vous, avec d\u00e9signation du vainqueur du jour. L'exp\u00e9rience commune cr\u00e9e des liens et offre de belles possibilit\u00e9s de contacts simples.<\/p>\n\n\n<p><u>S\u00e9minaire \/ Cours<\/u><\/p>\n<p>Interrompez vos s\u00e9minaires\/cours par une pause active. Le Sport Stacking active le cerveau et aide les participants \u00e0 vos s\u00e9minaires \u00e0 se concentrer \u00e0 nouveau. D\u00e9couvrez par vous-m\u00eame le plaisir que peut procurer une telle d\u00e9tente aux participants de tout \u00e2ge.<\/p>\n\n\n<p><u>Manifestations \/ \u00c9v\u00e9nements<\/u><\/p>\n<p>Ou enrichissez votre \u00e9v\u00e9nement avec une station de sport stacking. Apr\u00e8s avoir admir\u00e9 les talents de nos experts en mati\u00e8re de gobelets, vos invit\u00e9s pourront s'essayer \u00e0 l'exercice sous la direction d'un professionnel. Qui empilera le plus rapidement lors de la petite comp\u00e9tition et sera le vainqueur du jour de votre \u00e9v\u00e9nement ?<\/p>","protected":false},"excerpt":{"rendered":"","protected":false},"author":1,"featured_media":0,"parent":0,"menu_order":0,"comment_status":"closed","ping_status":"closed","template":"","meta":{"pagelayer_contact_templates":[],"_pagelayer_content":"","footnotes":""},"class_list":["post-122","page","type-page","status-publish","hentry"],"jetpack_sharing_enabled":true,"_links":{"self":[{"href":"https:\/\/www.speedstacks.ch\/fr\/wp-json\/wp\/v2\/pages\/122","targetHints":{"allow":["GET"]}}],"collection":[{"href":"https:\/\/www.speedstacks.ch\/fr\/wp-json\/wp\/v2\/pages"}],"about":[{"href":"https:\/\/www.speedstacks.ch\/fr\/wp-json\/wp\/v2\/types\/page"}],"author":[{"embeddable":true,"href":"https:\/\/www.speedstacks.ch\/fr\/wp-json\/wp\/v2\/users\/1"}],"replies":[{"embeddable":true,"href":"https:\/\/www.speedstacks.ch\/fr\/wp-json\/wp\/v2\/comments?post=122"}],"version-history":[{"count":3,"href":"https:\/\/www.speedstacks.ch\/fr\/wp-json\/wp\/v2\/pages\/122\/revisions"}],"predecessor-version":[{"id":130,"href":"https:\/\/www.speedstacks.ch\/fr\/wp-json\/wp\/v2\/pages\/122\/revisions\/130"}],"wp:attachment":[{"href":"https:\/\/www.speedstacks.ch\/fr\/wp-json\/wp\/v2\/media?parent=122"}],"curies":[{"name":"wp","href":"https:\/\/api.w.org\/{rel}","templated":true}]}}