{"id":128,"date":"2023-02-09T21:09:25","date_gmt":"2023-02-09T21:09:25","guid":{"rendered":"https:\/\/www.speedstacks.freestacks.ch\/?page_id=128"},"modified":"2024-08-04T15:36:48","modified_gmt":"2024-08-04T15:36:48","slug":"trainingsgruppen","status":"publish","type":"page","link":"https:\/\/www.speedstacks.ch\/fr\/trainingsgruppen\/","title":{"rendered":"Groupes de formation"},"content":{"rendered":"<p><strong>Formation commune<\/strong><\/p>\n<p>S'amuser ensemble en empilant des gobelets rapides et recevoir de bons conseils de professionnels exp\u00e9riment\u00e9s. Les \u00e9coles ne sont pas les seules \u00e0 int\u00e9grer le sport stacking dans leur enseignement. Entre-temps, diff\u00e9rents groupes proposent \u00e9galement un entra\u00eenement r\u00e9gulier de Sport Stacking selon les directives de la f\u00e9d\u00e9ration mondiale. L'empilage en commun procure tout simplement deux fois plus de plaisir et offre d'innombrables possibilit\u00e9s de jeux et d'exercices sympas !<\/p>\n<p>Tu peux volontiers participer \u00e0 un entra\u00eenement d'essai dans nos groupes d'entra\u00eenement. Tu obtiendras de plus amples informations aupr\u00e8s des responsables d'\u00e9quipe mentionn\u00e9s.<\/p>\n<p><br><\/p>\n<p><br><\/p>\n<p><u>Team TSV Concordia Baar<\/u><\/p>\n<p>Angela Herger<\/p>\n<p><a href=\"https:\/\/www.tsvbaar.ch\/riegen\/sportstacking\/index.php\" target=\"_blank\" rel=\"noopener\">Website<\/a><\/p>\n<p><u>FreeStacks Diepflingen<\/u><\/p>\n<p>Yannik Tschan<\/p>\n<p><a href=\"https:\/\/www.freestacks.ch\" target=\"_blank\" rel=\"noopener\">Website<\/a><\/p>\n<p><u>FreeStacks Othmarsingen<\/u><\/p>\n<p>Yannik Tschan<\/p>\n<p><a href=\"https:\/\/www.freestacks.ch\" target=\"_blank\" rel=\"noopener\">Website<\/a><\/p>\n<p><u>FreeStacks Reiden<\/u><\/p>\n<p>Yannik Tschan<\/p>\n<p><a href=\"https:\/\/www.freestacks.ch\" target=\"_blank\" rel=\"noopener\">Website<\/a><\/p>\n<p><u>Sport Stacking Z\u00fcri Oberland<\/u><\/p>\n<p>Seraina Toms, sportstacking.zuerioberland@gmail.com<\/p>\n<p>Entra\u00eenement un lundi sur deux de 17:00 \u00e0 18:00 heures \u00e0 la Bolstrasse 6, 8620 Wetzikon<\/p>","protected":false},"excerpt":{"rendered":"","protected":false},"author":1,"featured_media":0,"parent":0,"menu_order":0,"comment_status":"closed","ping_status":"closed","template":"","meta":{"pagelayer_contact_templates":[],"_pagelayer_content":"","footnotes":""},"class_list":["post-128","page","type-page","status-publish","hentry"],"jetpack_sharing_enabled":true,"_links":{"self":[{"href":"https:\/\/www.speedstacks.ch\/fr\/wp-json\/wp\/v2\/pages\/128","targetHints":{"allow":["GET"]}}],"collection":[{"href":"https:\/\/www.speedstacks.ch\/fr\/wp-json\/wp\/v2\/pages"}],"about":[{"href":"https:\/\/www.speedstacks.ch\/fr\/wp-json\/wp\/v2\/types\/page"}],"author":[{"embeddable":true,"href":"https:\/\/www.speedstacks.ch\/fr\/wp-json\/wp\/v2\/users\/1"}],"replies":[{"embeddable":true,"href":"https:\/\/www.speedstacks.ch\/fr\/wp-json\/wp\/v2\/comments?post=128"}],"version-history":[{"count":6,"href":"https:\/\/www.speedstacks.ch\/fr\/wp-json\/wp\/v2\/pages\/128\/revisions"}],"predecessor-version":[{"id":1169,"href":"https:\/\/www.speedstacks.ch\/fr\/wp-json\/wp\/v2\/pages\/128\/revisions\/1169"}],"wp:attachment":[{"href":"https:\/\/www.speedstacks.ch\/fr\/wp-json\/wp\/v2\/media?parent=128"}],"curies":[{"name":"wp","href":"https:\/\/api.w.org\/{rel}","templated":true}]}}