{"id":23,"date":"2023-02-09T18:08:40","date_gmt":"2023-02-09T18:08:40","guid":{"rendered":"https:\/\/www.speedstacks.freestacks.ch\/home\/"},"modified":"2025-09-05T19:06:31","modified_gmt":"2025-09-05T19:06:31","slug":"home","status":"publish","type":"page","link":"https:\/\/www.speedstacks.ch\/fr\/","title":{"rendered":"Home"},"content":{"rendered":"<h2>D\u00e9couvrir maintenant<\/h2>\n<h6>speed stacks<\/h6>\n<p>Du bist auf der Suche nach deinem ersten Becherset? Dann bist du bei uns genau richtig! Jetzt unseren Shop entdecken und originales Speed Stacks Material bestellen. Egal ob blaue, rote oder gr\u00fcne Becher &#8211; finde jetzt dein Lieblingsset. Du brauchst Hilfe bei der Auswahl oder hast sonst irgendwelche Fragen? Wir sind gerne f\u00fcr dich dich da.<\/p>\n\n\n\n\n\n\n\n\n\n\n\n\n<h2>Atelier, \u00e9v\u00e9nement ou commande<\/h2>\n<h1>formation ?<\/h1>\n<p>Peu importe ce que tu as pr\u00e9vu, nous t'aiderons volontiers \u00e0 le r\u00e9aliser. Gr\u00e2ce \u00e0 nos formateurs comp\u00e9tents, nous pouvons organiser des ateliers et des \u00e9v\u00e9nements d'\u00e9quipe \u00e0 petite \u00e9chelle, mais aussi des animations lors de grands salons. Que dirais-tu par exemple d'organiser du sport stacking dans ton \u00e9cole ou ton club ?<\/p>\n<p> Alle ehrgeizigen Sportler finden in Trainingsgruppen bestimmt neue Freunde, grossartige Herausforderungen, passende Coachings und nat\u00fcrlich ganz viel Spass. &nbsp;<\/p>\n\n\n\n\n\n\n\n\n<h2>sport stacking weltmeisterschaften<\/h2>\n<p>Vom 25. &#8211; 27. April 2025 organisierten wir die Sport Stacking Weltmeisterschaften in Reiden. Weitere Informationen findest du auf den folgenden Websites.<\/p>\n\n\n\n\n\n\n\n\n\n\n\n\n<h2>kontaktiere uns<\/h2>\n<p>Du hast eine Frage zur Sportart? Oder eine Idee? Eine Anregung oder m\u00f6chtest sonst mit uns in Kontakt treten? Melde dich gerne per Mail oder \u00fcber unser Kontaktformular.<\/p>","protected":false},"excerpt":{"rendered":"","protected":false},"author":0,"featured_media":0,"parent":0,"menu_order":0,"comment_status":"closed","ping_status":"closed","template":"","meta":{"pagelayer_contact_templates":{"2kg3166":{"cont_subject":"home page form","cont_header":"$name,$phone,$message,$email","cont_use_html":"true"}},"_pagelayer_content":"","footnotes":""},"class_list":["post-23","page","type-page","status-publish","hentry"],"jetpack_sharing_enabled":true,"_links":{"self":[{"href":"https:\/\/www.speedstacks.ch\/fr\/wp-json\/wp\/v2\/pages\/23","targetHints":{"allow":["GET"]}}],"collection":[{"href":"https:\/\/www.speedstacks.ch\/fr\/wp-json\/wp\/v2\/pages"}],"about":[{"href":"https:\/\/www.speedstacks.ch\/fr\/wp-json\/wp\/v2\/types\/page"}],"replies":[{"embeddable":true,"href":"https:\/\/www.speedstacks.ch\/fr\/wp-json\/wp\/v2\/comments?post=23"}],"version-history":[{"count":18,"href":"https:\/\/www.speedstacks.ch\/fr\/wp-json\/wp\/v2\/pages\/23\/revisions"}],"predecessor-version":[{"id":1779,"href":"https:\/\/www.speedstacks.ch\/fr\/wp-json\/wp\/v2\/pages\/23\/revisions\/1779"}],"wp:attachment":[{"href":"https:\/\/www.speedstacks.ch\/fr\/wp-json\/wp\/v2\/media?parent=23"}],"curies":[{"name":"wp","href":"https:\/\/api.w.org\/{rel}","templated":true}]}}