{"id":347,"date":"2023-03-08T21:33:44","date_gmt":"2023-03-08T21:33:44","guid":{"rendered":"https:\/\/www.speedstacks.freestacks.ch\/?page_id=347"},"modified":"2023-05-10T21:19:13","modified_gmt":"2023-05-10T21:19:13","slug":"agbs","status":"publish","type":"page","link":"https:\/\/www.speedstacks.ch\/fr\/agbs\/","title":{"rendered":"CGV"},"content":{"rendered":"<h2>CGV<\/h2>\n<p><b>1. Champ d'application<\/b><\/p>\n<p>Les pr\u00e9sentes conditions g\u00e9n\u00e9rales de vente (CGV) r\u00e9gissent la relation contractuelle entre Speed Stacks Switzerland et l'acheteur (ci-apr\u00e8s d\u00e9nomm\u00e9 le client). Le contrat est conclu d\u00e8s que Speed Stacks Switzerland a accept\u00e9 votre commande ou votre ordre en vous envoyant une confirmation de commande ou une facture.<\/p><br \/>\n<p><b>2. Offre<\/b><\/p>\n<p>Nos offres pour les clients individuels, les \u00e9coles, les associations et autres institutions similaires sont sans engagement. De l\u00e9g\u00e8res diff\u00e9rences dans les illustrations et des modifications techniques sont possibles. Sous r\u00e9serve d'erreurs importantes et de modifications de prix.\n<br \/>\nDes dispositions particuli\u00e8res s'appliquent au commerce sp\u00e9cialis\u00e9. Si vous \u00eates int\u00e9ress\u00e9 par la revente de nos produits, veuillez vous adresser directement \u00e0 Speed Stacks Switzerland.<\/p><br>\n<p><b>3. Livraison et frais de port<\/b><\/p>\n<p>Nous ne livrons que les clients en Suisse et au Lichtenstein. L'exp\u00e9dition se fait aux frais et aux risques du client.<br>\nNous vous communiquons nos frais de port et d'emballage dans le cadre du processus de commande ou de la confirmation de commande. La marchandise peut \u00e9galement \u00eatre retir\u00e9e aupr\u00e8s de nos repr\u00e9sentants r\u00e9gionaux sur rendez-vous et contre paiement en esp\u00e8ces. Si un article n'est plus disponible ou si le d\u00e9lai de livraison est sensiblement retard\u00e9, nous prenons contact avec vous par e-mail ou par t\u00e9l\u00e9phone. Les demandes de dommages et int\u00e9r\u00eats pour retard de livraison sont exclues.<br>\nLes frais d'envoi pour les envois qui nous sont retourn\u00e9s en raison d'une adresse incompl\u00e8te et les frais d'envoi pour les envois non accept\u00e9s ou non retir\u00e9s doivent \u00eatre pris en charge par le client ayant pass\u00e9 la commande.<p><br>\n<p><strong>4. Conditions de paiement \/ R\u00e9serve de propri\u00e9t\u00e9<\/strong><\/p>\n<p>Nos prix s'entendent nets en francs suisses et incluent la TVA. Nous livrons les commandes de clients individuels contre paiement anticip\u00e9. Vous recevrez nos coordonn\u00e9es bancaires avec la confirmation de commande par e-mail.<br>\nNous livrons \u00e9galement les \u00e9coles, les associations et les institutions similaires contre facture. Il est laiss\u00e9 \u00e0 l'appr\u00e9ciation des repr\u00e9sentants r\u00e9gionaux de d\u00e9cider s'ils souhaitent \u00e9galement accorder \u00e0 leurs clients r\u00e9guliers un achat direct contre facture. En cas de commande contre facture, le montant total doit \u00eatre pay\u00e9 net dans les 30 jours suivant la r\u00e9ception de la livraison.<br>\nEn cas de retard de paiement, nous facturons CHF 5.00 pour le premier rappel, CHF 10.00 pour le deuxi\u00e8me rappel et CHF 30.00 pour le troisi\u00e8me rappel. La marchandise reste notre propri\u00e9t\u00e9 jusqu'au paiement int\u00e9gral du prix d'achat, y compris les \u00e9ventuels int\u00e9r\u00eats, frais ou taxes. Speed Stacks Switzerland se r\u00e9serve le droit de transmettre et\/ou de c\u00e9der la cr\u00e9ance ainsi que les documents et informations y aff\u00e9rents \u00e0 des tiers \u00e0 des fins de recouvrement. Les frais de d\u00e9penses qui en d\u00e9coulent, y compris les int\u00e9r\u00eats bancaires \u00e0 partir de la date d'envoi du troisi\u00e8me rappel, sont enti\u00e8rement \u00e0 la charge du client en d\u00e9faut.<\/p><p><br><\/p>\n<p><b>5. Droit de r\u00e9tractation et garantie<\/b><\/p>\n<p>Nous ne pouvons reprendre la marchandise command\u00e9e et correctement livr\u00e9e qu'exceptionnellement et apr\u00e8s accord pr\u00e9alable, si elle n'a pas \u00e9t\u00e9 utilis\u00e9e et dans son emballage d'origine. Pour les d\u00e9fauts de fabrication ou de mat\u00e9riel, les droits de garantie l\u00e9gaux s'appliquent conform\u00e9ment au Code des obligations suisse. Les dommages et les d\u00e9fauts doivent nous \u00eatre signal\u00e9s dans les 5 jours suivant la r\u00e9ception de la marchandise ou la constatation d'un vice cach\u00e9. En cas de r\u00e9clamation justifi\u00e9e, nous rempla\u00e7ons la marchandise ou vous recevez un avoir. Nous ne pouvons pas prendre en compte d'autres demandes de remboursement, notamment les demandes de dommages et int\u00e9r\u00eats de toute nature. Les dommages dus \u00e0 une manipulation inappropri\u00e9e et \u00e0 l'usure normale ne sont pas couverts. Le droit \u00e0 la garantie s'\u00e9teint \u00e9galement en cas de tentative de r\u00e9paration par vos soins ou par des services non agr\u00e9\u00e9s par nous.<\/p><br>\n<p><strong>6. Responsabilit\u00e9<\/strong><\/p>\n<p>Speed Stacks Switzerland exclut, dans les limites autoris\u00e9es par la loi, toute responsabilit\u00e9 pour les produits et services vendus et livr\u00e9s.<br>\nSpeed Stacks Switzerland n'assume aucune responsabilit\u00e9 quant \u00e0 l'exactitude, l'actualit\u00e9 et l'exhaustivit\u00e9 des informations textuelles, visuelles et sonores publi\u00e9es sur le site. Tout recours en responsabilit\u00e9 contre Speed Stacks Switzerland pour des dommages de toute nature r\u00e9sultant de l'utilisation ou de la non-utilisation des contenus publi\u00e9s est exclu dans le cadre des dispositions l\u00e9gales en vigueur. Speed Stacks Switzerland se r\u00e9serve express\u00e9ment le droit de modifier, de compl\u00e9ter, de supprimer ou de suspendre temporairement ou d\u00e9finitivement la publication de tout ou partie du site Internet sans pr\u00e9avis.<br>\nLes renvois et liens vers des sites web de tiers ne rel\u00e8vent pas de notre responsabilit\u00e9. Speed Stacks Switzerland d\u00e9cline donc toute responsabilit\u00e9 pour les sites web li\u00e9s. L'acc\u00e8s et l'utilisation des sites web li\u00e9s se font aux risques et p\u00e9rils de l'utilisateur ou de l'utilisatrice.<\/p><br>\n<p><strong>7. Protection des donn\u00e9es<\/strong><\/p>\n<p>Les donn\u00e9es des clients sont collect\u00e9es et utilis\u00e9es par Speed Stacks Switzerland conform\u00e9ment aux dispositions de la loi suisse sur la protection des donn\u00e9es. Les donn\u00e9es personnelles ne sont transmises \u00e0 des tiers que si cela est n\u00e9cessaire pour l'ex\u00e9cution du contrat - en particulier la transmission des donn\u00e9es de commande aux fournisseurs ou \u00e0 nos repr\u00e9sentants r\u00e9gionaux -, si les donn\u00e9es sont n\u00e9cessaires pour les demandes de paiement ou si vous avez donn\u00e9 votre accord pr\u00e9alable.<\/p><br>\n<p><strong>8. Conditions d'utilisation<\/strong><\/p>\n<p>Speed Stacks Switzerland met \u00e0 disposition l'ensemble des contenus du site Internet et de la documentation remise exclusivement pour une utilisation personnelle ou pour l'usage interne de ses clients. La copie, la modification, la vente ou toute autre diffusion de textes, d'images ou de sons \u00e0 des fins professionnelles, commerciales ou dans tout autre int\u00e9r\u00eat public n'est possible qu'avec l'autorisation expresse et \u00e9crite de Speed Stacks Switzerland. En visitant notre site, vous vous engagez \u00e0 ne pas influencer ce site, \u00e0 ne pas nuire \u00e0 son fonctionnement et \u00e0 ne pas le laisser nuire.<\/p><br>\n<p><b>9. Clause de sauvegarde<\/b><\/p>\n<p>Si un ou plusieurs paragraphes contenus dans les pr\u00e9sentes conditions g\u00e9n\u00e9rales ne sont pas valables, les paragraphes restants restent valables.<\/p><br>\n<p><b>10. Disposition finale<\/b><\/p>\n<p>Speed Stacks Switzerland se r\u00e9serve le droit de modifier les pr\u00e9sentes CGV \u00e0 tout moment. La version contraignante des CGV peut \u00eatre consult\u00e9e sur www.speedstacks.ch. Toutes les relations juridiques sont soumises au droit suisse. Le lieu d'ex\u00e9cution et le for exclusif sont Reiden.<\/p>\n<br>\n<p>Reiden, 08. M\u00e4rz 2023<br>\nSpeed Stacks Switzerland<br>\nWalkestrasse 5d<br>\n6260 Reiden<br><br><br>\n<h2>D\u00e9claration de confidentialit\u00e9<\/h2>\n<p>Comme lors de toute connexion \u00e0 un serveur web, le serveur de notre fournisseur d'h\u00e9bergement web cyon \u00e0 B\u00e2le, Suisse, enregistre et stocke certaines donn\u00e9es techniques. Parmi ces donn\u00e9es figurent l'adresse IP et le syst\u00e8me d'exploitation de votre appareil, les dates, l'heure d'acc\u00e8s, le type de navigateur ainsi que la demande du navigateur, y compris l'origine de la demande (referrer). Ceci est n\u00e9cessaire pour des raisons techniques afin de mettre notre site web \u00e0 votre disposition. cyon prot\u00e8ge ces donn\u00e9es contre les acc\u00e8s non autoris\u00e9s \u00e0 l'aide de mesures techniques et organisationnelles et ne les transmet pas \u00e0 des tiers. Dans la mesure o\u00f9 nous traitons ainsi des donn\u00e9es personnelles, nous le faisons en raison de notre int\u00e9r\u00eat \u00e0 vous offrir la meilleure exp\u00e9rience utilisateur possible et \u00e0 garantir la s\u00e9curit\u00e9 et la stabilit\u00e9 de nos syst\u00e8mes.\n<br><br>\nSur le site web, le plugin WordPress \u00ab WPForms \u00bb est utilis\u00e9 pour la transmission d'informations par le biais du formulaire de contact. En envoyant le formulaire, vous consentez au traitement et \u00e0 l'enregistrement des donn\u00e9es et des adresses Internet saisies par WPForms, WordPress et Speed Stacks Switzerland.<br><br>\nLorsque vous passez une commande dans la boutique, des informations sont trait\u00e9es par WordPress ainsi que par le plugin WordPress \u00ab WooCommerce \u00bb. Ces informations sont \u00e9galement envoy\u00e9es par e-mail \u00e0 nos collaborateurs et une confirmation de commande vous est envoy\u00e9e. En envoyant le formulaire de commande, vous acceptez le traitement et l'enregistrement des donn\u00e9es saisies et des adresses Internet par WordPress, WooCommerce et Speed Stacks Switzerland.<\/p>","protected":false},"excerpt":{"rendered":"","protected":false},"author":1,"featured_media":0,"parent":0,"menu_order":0,"comment_status":"closed","ping_status":"closed","template":"","meta":{"pagelayer_contact_templates":[],"_pagelayer_content":"","footnotes":""},"class_list":["post-347","page","type-page","status-publish","hentry"],"jetpack_sharing_enabled":true,"_links":{"self":[{"href":"https:\/\/www.speedstacks.ch\/fr\/wp-json\/wp\/v2\/pages\/347","targetHints":{"allow":["GET"]}}],"collection":[{"href":"https:\/\/www.speedstacks.ch\/fr\/wp-json\/wp\/v2\/pages"}],"about":[{"href":"https:\/\/www.speedstacks.ch\/fr\/wp-json\/wp\/v2\/types\/page"}],"author":[{"embeddable":true,"href":"https:\/\/www.speedstacks.ch\/fr\/wp-json\/wp\/v2\/users\/1"}],"replies":[{"embeddable":true,"href":"https:\/\/www.speedstacks.ch\/fr\/wp-json\/wp\/v2\/comments?post=347"}],"version-history":[{"count":7,"href":"https:\/\/www.speedstacks.ch\/fr\/wp-json\/wp\/v2\/pages\/347\/revisions"}],"predecessor-version":[{"id":606,"href":"https:\/\/www.speedstacks.ch\/fr\/wp-json\/wp\/v2\/pages\/347\/revisions\/606"}],"wp:attachment":[{"href":"https:\/\/www.speedstacks.ch\/fr\/wp-json\/wp\/v2\/media?parent=347"}],"curies":[{"name":"wp","href":"https:\/\/api.w.org\/{rel}","templated":true}]}}