{"id":46,"date":"2023-02-09T19:04:46","date_gmt":"2023-02-09T19:04:46","guid":{"rendered":"https:\/\/www.speedstacks.freestacks.ch\/?page_id=46"},"modified":"2023-05-10T16:40:04","modified_gmt":"2023-05-10T16:40:04","slug":"geschichte","status":"publish","type":"page","link":"https:\/\/www.speedstacks.ch\/fr\/geschichte\/","title":{"rendered":"Histoire"},"content":{"rendered":"<p><strong>Sport de coordination venu des \u00c9tats-Unis<\/strong><\/p>\n<p><br><\/p>\n<p><strong><\/strong><\/p>\n\n\n\n<p>L'origine de l'empilement ludique de gobelets se situe dans le sud de la Californie et remonte au d\u00e9but des ann\u00e9es 80. Bob Fox, un enseignant de l'\u00e9cole primaire du Colorado, a reconnu les pr\u00e9cieuses possibilit\u00e9s de la technique d'empilage et l'a utilis\u00e9e en classe pour entra\u00eener la concentration et la coordination. L'enthousiasme de ses \u00e9l\u00e8ves l'a motiv\u00e9 \u00e0 poursuivre son travail de d\u00e9veloppement. En 1998, il a pu pr\u00e9senter son concept \u00e0 un public plus large au niveau national. Le scepticisme initial a fait place \u00e0 un grand enthousiasme. La r\u00e9action massive l'a incit\u00e9 \u00e0 fonder Speed Stacks Inc. La petite entreprise s'est consacr\u00e9e au d\u00e9veloppement et \u00e0 la promotion du sport stacking et a servi au d\u00e9but principalement de point de contact pour les enseignants dans tous les domaines de cette jeune discipline sportive.<\/p>\n\n\n\n<p>Son \u00e9quipe d\u00e9vou\u00e9e a continu\u00e9 \u00e0 bricoler sans rel\u00e2che et peut aujourd'hui, gr\u00e2ce \u00e0 des ann\u00e9es d'exp\u00e9rience et de d\u00e9veloppement, proposer sous le nom de produit Speed Stacks\u2122 un \u00e9quipement original techniquement optimis\u00e9 pour le sport stacking.<\/p>\n<p><br><\/p>\n<p><br><\/p>\n<p><strong>Diffusion mondiale<\/strong><\/p>\n<p><br><\/p>\n<p><strong><\/strong><\/p>\n<p>La nouvelle technique s'est inexorablement \u00e9tablie dans les \u00e9coles am\u00e9ricaines et des tournois inter-\u00e9coles ont \u00e9t\u00e9 organis\u00e9s de plus en plus souvent. Les stackers d'autres pays ont ramen\u00e9 la nouvelle tendance chez eux et ont r\u00e9pandu la nouvelle technique dans le monde entier. En r\u00e9action \u00e0 cette \u00e9volution r\u00e9jouissante, la F\u00e9d\u00e9ration mondiale de stacking sportif (WSSA) a \u00e9t\u00e9 cr\u00e9\u00e9e en 2001 - une \u00e9tape importante pour la reconnaissance future en tant que discipline sportive.<\/p>\n\n\n\n<p>L'Allemagne a \u00e9t\u00e9 le premier pays europ\u00e9en \u00e0 \u00eatre touch\u00e9 par la vague du sport stacking en 2004. Peu de temps apr\u00e8s, la Suisse s'est \u00e9galement int\u00e9ress\u00e9e \u00e0 ce nouveau sport \u00e0 la mode. Des sportifs suisses enthousiastes se sont rencontr\u00e9s pour s'entra\u00eener ensemble et ont cr\u00e9\u00e9 les premiers groupes d'entra\u00eenement.<\/p>\n<p><br><\/p>\n<p><br><\/p>\n<p><strong>Speed Stacks Suisse<\/strong><\/p>\n<p><br><\/p>\n<p><strong><\/strong><\/p>\n\n\n\n<p>En 2007, le partenariat officiel de Speed Stacks Suisse avec l'\u00e9quipe d'inventeurs des \u00c9tats-Unis a \u00e9t\u00e9 scell\u00e9. Depuis, une \u00e9quipe en constante augmentation s'engage \u00e0 poursuivre le travail de d\u00e9veloppement selon les directives de la f\u00e9d\u00e9ration mondiale WSSA. Au cours des derni\u00e8res ann\u00e9es, de plus en plus de nouvelles offres ont vu le jour pour les stackers int\u00e9ress\u00e9s. Des offres d'entra\u00eenement et de cours, des \u00e9v\u00e9nements et des tournois, jusqu'aux championnats suisses, sont r\u00e9guli\u00e8rement organis\u00e9s et soutenus. Depuis 2008, les sportifs les plus rapides de notre pays participent aux championnats du monde qui ont lieu chaque ann\u00e9e et parviennent toujours \u00e0 obtenir des r\u00e9sultats remarquables.<\/p>","protected":false},"excerpt":{"rendered":"","protected":false},"author":1,"featured_media":0,"parent":0,"menu_order":0,"comment_status":"closed","ping_status":"closed","template":"","meta":{"pagelayer_contact_templates":[],"_pagelayer_content":"","footnotes":""},"class_list":["post-46","page","type-page","status-publish","hentry"],"jetpack_sharing_enabled":true,"_links":{"self":[{"href":"https:\/\/www.speedstacks.ch\/fr\/wp-json\/wp\/v2\/pages\/46","targetHints":{"allow":["GET"]}}],"collection":[{"href":"https:\/\/www.speedstacks.ch\/fr\/wp-json\/wp\/v2\/pages"}],"about":[{"href":"https:\/\/www.speedstacks.ch\/fr\/wp-json\/wp\/v2\/types\/page"}],"author":[{"embeddable":true,"href":"https:\/\/www.speedstacks.ch\/fr\/wp-json\/wp\/v2\/users\/1"}],"replies":[{"embeddable":true,"href":"https:\/\/www.speedstacks.ch\/fr\/wp-json\/wp\/v2\/comments?post=46"}],"version-history":[{"count":4,"href":"https:\/\/www.speedstacks.ch\/fr\/wp-json\/wp\/v2\/pages\/46\/revisions"}],"predecessor-version":[{"id":584,"href":"https:\/\/www.speedstacks.ch\/fr\/wp-json\/wp\/v2\/pages\/46\/revisions\/584"}],"wp:attachment":[{"href":"https:\/\/www.speedstacks.ch\/fr\/wp-json\/wp\/v2\/media?parent=46"}],"curies":[{"name":"wp","href":"https:\/\/api.w.org\/{rel}","templated":true}]}}