{"id":66,"date":"2023-02-09T19:28:53","date_gmt":"2023-02-09T19:28:53","guid":{"rendered":"https:\/\/www.speedstacks.freestacks.ch\/?page_id=66"},"modified":"2023-02-09T19:45:38","modified_gmt":"2023-02-09T19:45:38","slug":"sport-stacking","status":"publish","type":"page","link":"https:\/\/www.speedstacks.ch\/fr\/sport-stacking\/","title":{"rendered":"Sport Stacking"},"content":{"rendered":"<p><strong>Qu'est-ce que le sport stacking<\/strong><\/p>\n\n\n<p>Avec un jeu de douze gobelets de forme sp\u00e9ciale, des pyramides sont mont\u00e9es et d\u00e9mont\u00e9es selon des s\u00e9quences pr\u00e9cises. On essaie de faire le moins d'erreurs possible et surtout d'aller le plus vite possible. Les s\u00e9quences de base s'appellent 3-3-3, 3-6-3 ou Cycle (une combinaison de 3-6-3, 6-6, 1-10-1 et \u00e0 nouveau 3-6-3) en fonction du nombre de piles et de gobelets empil\u00e9s.<\/p>\n\n\n<p>La particularit\u00e9 de ce sport est que chacun, jeune ou vieux, grand ou petit, peut apprendre en tr\u00e8s peu de temps des s\u00e9quences d'empilement simples - apr\u00e8s quelques minutes d'entra\u00eenement d\u00e9j\u00e0, les premi\u00e8res comp\u00e9titions sont possibles, seul, en double ou en \u00e9quipe de relais. Des enfants de 4 ans participent d\u00e9j\u00e0 \u00e0 des tournois et les participants les plus \u00e2g\u00e9s ont parfois plus de 75 ans !<\/p>\n\n\n<p>Avec un entra\u00eenement r\u00e9gulier, les talents correspondants peuvent atteindre des temps presque incroyables. Qui n'a pas d\u00e9j\u00e0 admir\u00e9 un coureur lors de la finale du sprint de 100 m aux Jeux olympiques - les Sport Stacker r\u00e9alisent des performances comparables, mais avec les mains !<\/p>","protected":false},"excerpt":{"rendered":"","protected":false},"author":1,"featured_media":0,"parent":0,"menu_order":0,"comment_status":"closed","ping_status":"closed","template":"","meta":{"pagelayer_contact_templates":[],"_pagelayer_content":"","footnotes":""},"class_list":["post-66","page","type-page","status-publish","hentry"],"jetpack_sharing_enabled":true,"_links":{"self":[{"href":"https:\/\/www.speedstacks.ch\/fr\/wp-json\/wp\/v2\/pages\/66","targetHints":{"allow":["GET"]}}],"collection":[{"href":"https:\/\/www.speedstacks.ch\/fr\/wp-json\/wp\/v2\/pages"}],"about":[{"href":"https:\/\/www.speedstacks.ch\/fr\/wp-json\/wp\/v2\/types\/page"}],"author":[{"embeddable":true,"href":"https:\/\/www.speedstacks.ch\/fr\/wp-json\/wp\/v2\/users\/1"}],"replies":[{"embeddable":true,"href":"https:\/\/www.speedstacks.ch\/fr\/wp-json\/wp\/v2\/comments?post=66"}],"version-history":[{"count":3,"href":"https:\/\/www.speedstacks.ch\/fr\/wp-json\/wp\/v2\/pages\/66\/revisions"}],"predecessor-version":[{"id":78,"href":"https:\/\/www.speedstacks.ch\/fr\/wp-json\/wp\/v2\/pages\/66\/revisions\/78"}],"wp:attachment":[{"href":"https:\/\/www.speedstacks.ch\/fr\/wp-json\/wp\/v2\/media?parent=66"}],"curies":[{"name":"wp","href":"https:\/\/api.w.org\/{rel}","templated":true}]}}