{"id":88,"date":"2023-02-09T20:22:54","date_gmt":"2023-02-09T20:22:54","guid":{"rendered":"https:\/\/www.speedstacks.freestacks.ch\/?page_id=88"},"modified":"2023-03-08T21:21:59","modified_gmt":"2023-03-08T21:21:59","slug":"weltverband-wssa","status":"publish","type":"page","link":"https:\/\/www.speedstacks.ch\/fr\/weltverband-wssa\/","title":{"rendered":"F\u00e9d\u00e9ration mondiale WSSA"},"content":{"rendered":"<p><strong>F\u00e9d\u00e9ration mondiale WSSA (World Sport Stacking Association)<\/strong><\/p>\n<p>La WSSA est l'association mondiale officielle des Sport Stackers. Elle a \u00e9t\u00e9 cr\u00e9\u00e9e en 2001 en r\u00e9action \u00e0 l'expansion irr\u00e9sistible du sport stacking. Elle portait \u00e0 l'origine le nom de World Cup Stacking Association (WCSA). En 2005, le nom a \u00e9t\u00e9 chang\u00e9 pour souligner l'importance du sport.<\/p>\n<p>La WSSA d\u00e9finit des directives et des r\u00e8gles pour ce sport, aide les organisateurs \u00e0 mettre en place des tournois, organise le tr\u00e8s populaire \u00e9v\u00e9nement de records du monde \u00ab WSSA STACK UP ! \u00bb et invite les participants aux championnats du monde qui ont lieu chaque ann\u00e9e depuis 2005. La f\u00e9d\u00e9ration mondiale rassemble tous les temps records des tournois reconnus par la WSSA, les authentifie et les publie sur son site web. <a href=\"https:\/\/www.thewssa.com\/records\/\" target=\"_blank\" rel=\"noopener\">nationalen und internationalen Rekordlisten.<\/a><\/p>\n<p><br><\/p>\n<p><br><\/p>\n<p><strong>Sport Stacking Switzerland<\/strong><\/p>\n<p>Les int\u00e9r\u00eats de la WSSA sont repr\u00e9sent\u00e9s dans notre pays par Sport Stacking Switzerland. L'association sert de point de contact pour les Sport Stackers* suisses. Ses membres travaillent b\u00e9n\u00e9volement et soutiennent les organisateurs dans l'organisation de tournois, sont actifs dans la formation des arbitres et coordonnent la participation annuelle de l'\u00e9quipe nationale suisse aux championnats d'Europe et du monde.<\/p>\n<p>Pour toute question ou suggestion, n'h\u00e9sitez pas \u00e0 nous contacter \u00e0 l'adresse info@thewssa.ch. L'\u00e9quipe de Sport Stacking Switzerland, sous la direction principale de Yannik Tschan, se fera un plaisir de r\u00e9pondre \u00e0 votre demande.<\/p>","protected":false},"excerpt":{"rendered":"","protected":false},"author":1,"featured_media":0,"parent":0,"menu_order":0,"comment_status":"closed","ping_status":"closed","template":"","meta":{"pagelayer_contact_templates":[],"_pagelayer_content":"","footnotes":""},"class_list":["post-88","page","type-page","status-publish","hentry"],"jetpack_sharing_enabled":true,"_links":{"self":[{"href":"https:\/\/www.speedstacks.ch\/fr\/wp-json\/wp\/v2\/pages\/88","targetHints":{"allow":["GET"]}}],"collection":[{"href":"https:\/\/www.speedstacks.ch\/fr\/wp-json\/wp\/v2\/pages"}],"about":[{"href":"https:\/\/www.speedstacks.ch\/fr\/wp-json\/wp\/v2\/types\/page"}],"author":[{"embeddable":true,"href":"https:\/\/www.speedstacks.ch\/fr\/wp-json\/wp\/v2\/users\/1"}],"replies":[{"embeddable":true,"href":"https:\/\/www.speedstacks.ch\/fr\/wp-json\/wp\/v2\/comments?post=88"}],"version-history":[{"count":5,"href":"https:\/\/www.speedstacks.ch\/fr\/wp-json\/wp\/v2\/pages\/88\/revisions"}],"predecessor-version":[{"id":346,"href":"https:\/\/www.speedstacks.ch\/fr\/wp-json\/wp\/v2\/pages\/88\/revisions\/346"}],"wp:attachment":[{"href":"https:\/\/www.speedstacks.ch\/fr\/wp-json\/wp\/v2\/media?parent=88"}],"curies":[{"name":"wp","href":"https:\/\/api.w.org\/{rel}","templated":true}]}}