{"id":95,"date":"2023-02-09T20:27:30","date_gmt":"2023-02-09T20:27:30","guid":{"rendered":"https:\/\/www.speedstacks.freestacks.ch\/?page_id=95"},"modified":"2023-02-09T20:31:22","modified_gmt":"2023-02-09T20:31:22","slug":"regelwerk","status":"publish","type":"page","link":"https:\/\/www.speedstacks.ch\/fr\/regelwerk\/","title":{"rendered":"Regelwerk"},"content":{"rendered":"<p><strong>Regelwerk<\/strong><\/p>\n<p>F\u00fcr eine weltweit vergleichbare Bewertung der Resultate hat die WSSA Richtlinien und Regelwerke aufgestellt. Diese garantieren einheitliche Bedingungen f\u00fcr alle Teilnehmer. Nur so lassen sich die erzielten Resultate auch fair vergleichen.<\/p>\n<p>Als junge Sportart entwickelt sich Sport Stacking nat\u00fcrlich immer noch weiter. Die WSSA nimmt Erfahrungen und neue Erkenntnisse aller Beteiligten auf und bem\u00fcht sich, die Regeln stetig zu verbessern, Unklarheiten zu beseitigen und so den Spass f\u00fcr die Sportler, Schiedsrichter und anderen Beteiligten zu erh\u00f6hen.<\/p>\n<p>Die aktuell g\u00fcltige Version des Regelwerkes in englischer Sprache finden Sie auf der Website des Weltverbandes.<\/p>\n<p>Bei Fragen und Unklarheiten hilft das Team von Sport Stacking Switzerland gerne weiter.<\/p>\n<p><br><\/p>\n<p><br><\/p>\n<p><strong>Fairplay und Sportlichkeit<\/strong><\/p>\n<p>Sport Stacking f\u00f6rdert nicht nur wichtige k\u00f6rperliche F\u00e4higkeiten wie Hand-Auge-Koordination, Schnelligkeit und Konzentration, sondern auch die St\u00e4rkung des Selbstbewusstseins, Teamwork und guten Sportsgeist. Unsere Absicht ist es, diese Eigenschaften und Werte zu pflegen und zu einer positiven Erfahrung f\u00fcr alle werden zu lassen.<\/p>\n<p>Bei Sport Stacking Wettbewerben leisten alle Helfenden wertvolle Freiwilligenarbeit, arbeiten hart und geben ihr Bestes. Wie bei jedem sportlichen Wettkampf werden dabei trotz besten Absichten manchmal auch fragw\u00fcrdige Entscheidungen getroffen.<\/p>\n<p>Wir bitten deshalb alle Beteiligten \u2013 dazu geh\u00f6ren alle Sportler, Betreuer, Funktion\u00e4re und Zuschauer \u2013 ihr Bestes f\u00fcr eine gute Zusammenarbeit zu geben, guten Sport und faires Verhalten zu zeigen und ein positives Vorbild zu sein. Dar\u00fcber hinaus sollten wir nicht vergessen, viel Spass miteinander zu haben!<\/p>\n<p>Die WSSA folgt den Grunds\u00e4tzen und Leitlinien der Positive Coaching  Alliance. WSSA Switzerland unterst\u00fctzt zudem die Leitgedanken des nationalen Pr\u00e4ventionsprogrammes Cool and Clean.<\/p>","protected":false},"excerpt":{"rendered":"","protected":false},"author":1,"featured_media":0,"parent":0,"menu_order":0,"comment_status":"closed","ping_status":"closed","template":"","meta":{"pagelayer_contact_templates":[],"_pagelayer_content":"","footnotes":""},"class_list":["post-95","page","type-page","status-publish","hentry"],"jetpack_sharing_enabled":true,"_links":{"self":[{"href":"https:\/\/www.speedstacks.ch\/fr\/wp-json\/wp\/v2\/pages\/95","targetHints":{"allow":["GET"]}}],"collection":[{"href":"https:\/\/www.speedstacks.ch\/fr\/wp-json\/wp\/v2\/pages"}],"about":[{"href":"https:\/\/www.speedstacks.ch\/fr\/wp-json\/wp\/v2\/types\/page"}],"author":[{"embeddable":true,"href":"https:\/\/www.speedstacks.ch\/fr\/wp-json\/wp\/v2\/users\/1"}],"replies":[{"embeddable":true,"href":"https:\/\/www.speedstacks.ch\/fr\/wp-json\/wp\/v2\/comments?post=95"}],"version-history":[{"count":4,"href":"https:\/\/www.speedstacks.ch\/fr\/wp-json\/wp\/v2\/pages\/95\/revisions"}],"predecessor-version":[{"id":102,"href":"https:\/\/www.speedstacks.ch\/fr\/wp-json\/wp\/v2\/pages\/95\/revisions\/102"}],"wp:attachment":[{"href":"https:\/\/www.speedstacks.ch\/fr\/wp-json\/wp\/v2\/media?parent=95"}],"curies":[{"name":"wp","href":"https:\/\/api.w.org\/{rel}","templated":true}]}}