{"id":176,"date":"2023-02-23T13:24:52","date_gmt":"2023-02-23T13:24:52","guid":{"rendered":"https:\/\/www.speedstacks.freestacks.ch\/?post_type=product&#038;p=176"},"modified":"2026-03-10T19:53:34","modified_gmt":"2026-03-10T19:53:34","slug":"speed-stacks-2013-premium","status":"publish","type":"product","link":"https:\/\/www.speedstacks.ch\/fr\/produit\/speed-stacks-2013-premium\/","title":{"rendered":"Speed Stacks 2013 &#8211; Premium"},"content":{"rendered":"<p>Die neue Generation der Speed Stacks, welche mit SnapTops-Einlagescheiben (siehe unter Zubeh\u00f6r) individuell gestaltet werden kann. Die Becher der Generation 2013 haben nur noch ein grosses Loch f\u00fcr den Luftdurchlass und sind am Boden mit einer Vertiefung f\u00fcr die SnapTops ausgestattet. Bei diesen Ausf\u00fchrungen handelt es sich um spezielle Farben und Designs, weshalb die Sets als Premium Farben angeboten werden.<\/p>\n<p>Jedes Set enth\u00e4lt 12 Becher derselben Farbe und einen dazu passenden Tragegriff.<\/p>","protected":false},"excerpt":{"rendered":"<p>Die neue Generation der Speed Stacks, welche mit SnapTops-Einlagescheiben (siehe unter Zubeh\u00f6r) individuell gestaltet werden kann. Die Becher der Generation 2013 haben nur noch ein grosses Loch f\u00fcr den Luftdurchlass und sind am Boden mit einer Vertiefung f\u00fcr die SnapTops ausgestattet. Bei diesen Ausf\u00fchrungen handelt es sich um spezielle Farben und Designs, weshalb die Sets [&hellip;]<\/p>\n","protected":false},"featured_media":188,"template":"","meta":{"pagelayer_contact_templates":[],"_pagelayer_content":""},"product_brand":[],"product_cat":[56],"product_tag":[57,58,70],"class_list":{"0":"post-176","1":"product","2":"type-product","3":"status-publish","4":"has-post-thumbnail","6":"product_cat-becher","7":"product_tag-becher","8":"product_tag-cups","9":"product_tag-premium","11":"first","12":"instock","13":"featured","14":"taxable","15":"shipping-taxable","16":"purchasable","17":"product-type-variable"},"jetpack_sharing_enabled":true,"_links":{"self":[{"href":"https:\/\/www.speedstacks.ch\/fr\/wp-json\/wp\/v2\/product\/176","targetHints":{"allow":["GET"]}}],"collection":[{"href":"https:\/\/www.speedstacks.ch\/fr\/wp-json\/wp\/v2\/product"}],"about":[{"href":"https:\/\/www.speedstacks.ch\/fr\/wp-json\/wp\/v2\/types\/product"}],"wp:featuredmedia":[{"embeddable":true,"href":"https:\/\/www.speedstacks.ch\/fr\/wp-json\/wp\/v2\/media\/188"}],"wp:attachment":[{"href":"https:\/\/www.speedstacks.ch\/fr\/wp-json\/wp\/v2\/media?parent=176"}],"wp:term":[{"taxonomy":"product_brand","embeddable":true,"href":"https:\/\/www.speedstacks.ch\/fr\/wp-json\/wp\/v2\/product_brand?post=176"},{"taxonomy":"product_cat","embeddable":true,"href":"https:\/\/www.speedstacks.ch\/fr\/wp-json\/wp\/v2\/product_cat?post=176"},{"taxonomy":"product_tag","embeddable":true,"href":"https:\/\/www.speedstacks.ch\/fr\/wp-json\/wp\/v2\/product_tag?post=176"}],"curies":[{"name":"wp","href":"https:\/\/api.w.org\/{rel}","templated":true}]}}