{"id":213,"date":"2023-02-25T16:35:05","date_gmt":"2023-02-25T16:35:05","guid":{"rendered":"https:\/\/www.speedstacks.freestacks.ch\/?post_type=product&#038;p=213"},"modified":"2023-05-10T16:46:56","modified_gmt":"2023-05-10T16:46:56","slug":"shorties","status":"publish","type":"product","link":"https:\/\/www.speedstacks.ch\/fr\/produit\/shorties\/","title":{"rendered":"Shorties"},"content":{"rendered":"<p>Speed Stacks erste neue Bechergr\u00f6sse seit Jahren! Mit den kleineren Bechern der PS2-Serie kann sehr schnell gestapelt werden und sie bieten unglaublich viel Spass und Abwechslung im Training. Besonders spannend ist, dass pro Set 15 Becher geliefert werden. Damit sind zahlreiche neue Varianten von Stapelformen m\u00f6glich. Die Videoanleitungen dazu findet man im Internet.<\/p>\n<p>Die Shorties eignen sich auch hervorragend f\u00fcr j\u00fcngere Kinder. Wegen ihrer geringeren Gr\u00f6sse k\u00f6nnen sie von kleinen Kinderh\u00e4nden besonders gut gehalten werden.<\/p>\n<p>Jedes Set enth\u00e4lt 15 Becher und einen dazu passenden Tragegriff.<\/p>","protected":false},"excerpt":{"rendered":"<p>Speed Stacks erste neue Bechergr\u00f6sse seit Jahren! Mit den kleineren Bechern der PS2-Serie kann sehr schnell gestapelt werden und sie bieten unglaublich viel Spass und Abwechslung im Training. Besonders spannend ist, dass pro Set 15 Becher geliefert werden. Damit sind zahlreiche neue Varianten von Stapelformen m\u00f6glich. Die Videoanleitungen dazu findet man im Internet. Die Shorties [&hellip;]<\/p>\n","protected":false},"featured_media":215,"template":"","meta":{"pagelayer_contact_templates":[],"_pagelayer_content":""},"product_brand":[],"product_cat":[56],"product_tag":[57,58],"class_list":{"0":"post-213","1":"product","2":"type-product","3":"status-publish","4":"has-post-thumbnail","6":"product_cat-becher","7":"product_tag-becher","8":"product_tag-cups","10":"first","11":"instock","12":"featured","13":"taxable","14":"shipping-taxable","15":"purchasable","16":"product-type-variable"},"jetpack_sharing_enabled":true,"_links":{"self":[{"href":"https:\/\/www.speedstacks.ch\/fr\/wp-json\/wp\/v2\/product\/213","targetHints":{"allow":["GET"]}}],"collection":[{"href":"https:\/\/www.speedstacks.ch\/fr\/wp-json\/wp\/v2\/product"}],"about":[{"href":"https:\/\/www.speedstacks.ch\/fr\/wp-json\/wp\/v2\/types\/product"}],"wp:featuredmedia":[{"embeddable":true,"href":"https:\/\/www.speedstacks.ch\/fr\/wp-json\/wp\/v2\/media\/215"}],"wp:attachment":[{"href":"https:\/\/www.speedstacks.ch\/fr\/wp-json\/wp\/v2\/media?parent=213"}],"wp:term":[{"taxonomy":"product_brand","embeddable":true,"href":"https:\/\/www.speedstacks.ch\/fr\/wp-json\/wp\/v2\/product_brand?post=213"},{"taxonomy":"product_cat","embeddable":true,"href":"https:\/\/www.speedstacks.ch\/fr\/wp-json\/wp\/v2\/product_cat?post=213"},{"taxonomy":"product_tag","embeddable":true,"href":"https:\/\/www.speedstacks.ch\/fr\/wp-json\/wp\/v2\/product_tag?post=213"}],"curies":[{"name":"wp","href":"https:\/\/api.w.org\/{rel}","templated":true}]}}