{"id":232,"date":"2023-02-25T17:09:51","date_gmt":"2023-02-25T17:09:51","guid":{"rendered":"https:\/\/www.speedstacks.freestacks.ch\/?post_type=product&#038;p=232"},"modified":"2026-03-10T20:03:19","modified_gmt":"2026-03-10T20:03:19","slug":"kombiset-stackmat-timer-pro-gen-5","status":"publish","type":"product","link":"https:\/\/www.speedstacks.ch\/fr\/produit\/kombiset-stackmat-timer-pro-gen-5\/","title":{"rendered":"Kombiset StackMat \/ Timer Pro Gen 5"},"content":{"rendered":"<p>Der neue Speed Stacks Gen 5 Timer ist der n\u00e4chste Schritt in der Evolution des Sport Stacking und bringt vor allem im Wettkampfbereich grosse Vorteile. Das patentierte Vier-Pad-Aktivierungssystem stellt sicher, dass die H\u00e4nde beim Starten und Stoppen des Timers keine Becher halten k\u00f6nnen. Dies war in den letzten Jahren der h\u00e4ufigste Grund f\u00fcr die Nichtanerkennung von gestapelten Rekordzeiten. Ab 1. September 2021 werden an sanktionierten Turnieren des Weltverbandes alle Schiedsrichteranlagen ausschliesslich mit Zeitmesseinrichtungen der Generation 5 ausger\u00fcstet sein. Wegen der Umstellung bei der Handhaltung empfiehlt sich f\u00fcr ambitionierte Sportler*innen die Anschaffung einer eigenen Zeitmessausr\u00fcstung der neuen Generation.<\/p>\n<p>Der Timer zeigt die Zeit auf die Tausendstelsekunde genau an, ist mit einem versteckten Display Anschluss versehen und hat keine Memoryfunktion. Er ist nicht mit Gen 3 und Gen 4 Matten kompatibel. F\u00fcr die Bed\u00fcrfnisse anderer Sportarten kann das Aktivierungssystem des Timers problemlos von 4-Pad auf 2-Pad umgestellt werden.<\/p>\n<p>Das Kombiset enth\u00e4lt einen Timer Pro Gen 5 und eine dazu passende StackMat. In der mitgelieferten Tragtasche ist gen\u00fcgend Platz f\u00fcr ein zus\u00e4tzliches Becherset.<\/p>","protected":false},"excerpt":{"rendered":"<p>Der neue Speed Stacks Gen 5 Timer ist der n\u00e4chste Schritt in der Evolution des Sport Stacking und bringt vor allem im Wettkampfbereich grosse Vorteile. Das patentierte Vier-Pad-Aktivierungssystem stellt sicher, dass die H\u00e4nde beim Starten und Stoppen des Timers keine Becher halten k\u00f6nnen. Dies war in den letzten Jahren der h\u00e4ufigste Grund f\u00fcr die Nichtanerkennung [&hellip;]<\/p>\n","protected":false},"featured_media":602,"template":"","meta":{"pagelayer_contact_templates":[],"_pagelayer_content":""},"product_brand":[],"product_cat":[80],"product_tag":[],"class_list":{"0":"post-232","1":"product","2":"type-product","3":"status-publish","4":"has-post-thumbnail","6":"product_cat-matten-timer","8":"first","9":"instock","10":"taxable","11":"shipping-taxable","12":"purchasable","13":"product-type-variable"},"jetpack_sharing_enabled":true,"_links":{"self":[{"href":"https:\/\/www.speedstacks.ch\/fr\/wp-json\/wp\/v2\/product\/232","targetHints":{"allow":["GET"]}}],"collection":[{"href":"https:\/\/www.speedstacks.ch\/fr\/wp-json\/wp\/v2\/product"}],"about":[{"href":"https:\/\/www.speedstacks.ch\/fr\/wp-json\/wp\/v2\/types\/product"}],"wp:featuredmedia":[{"embeddable":true,"href":"https:\/\/www.speedstacks.ch\/fr\/wp-json\/wp\/v2\/media\/602"}],"wp:attachment":[{"href":"https:\/\/www.speedstacks.ch\/fr\/wp-json\/wp\/v2\/media?parent=232"}],"wp:term":[{"taxonomy":"product_brand","embeddable":true,"href":"https:\/\/www.speedstacks.ch\/fr\/wp-json\/wp\/v2\/product_brand?post=232"},{"taxonomy":"product_cat","embeddable":true,"href":"https:\/\/www.speedstacks.ch\/fr\/wp-json\/wp\/v2\/product_cat?post=232"},{"taxonomy":"product_tag","embeddable":true,"href":"https:\/\/www.speedstacks.ch\/fr\/wp-json\/wp\/v2\/product_tag?post=232"}],"curies":[{"name":"wp","href":"https:\/\/api.w.org\/{rel}","templated":true}]}}