{"id":252,"date":"2023-02-26T20:30:17","date_gmt":"2023-02-26T20:30:17","guid":{"rendered":"https:\/\/www.speedstacks.freestacks.ch\/?post_type=product&#038;p=252"},"modified":"2025-05-20T15:31:21","modified_gmt":"2025-05-20T15:31:21","slug":"schulzimmerset-pro","status":"publish","type":"product","link":"https:\/\/www.speedstacks.ch\/fr\/produit\/schulzimmerset-pro\/","title":{"rendered":"Set de classe Pro"},"content":{"rendered":"<p><strong>Les livraisons ne sont effectu\u00e9es qu'aux \u00e9coles<\/strong><\/p>\n<p>Das Schulzimmer-Set Pro ist die richtige Wahl, wenn man das regelm\u00e4ssige \u00dcben nach der Grundeinf\u00fchrung dank Zeitmessung noch attraktiver gestalten m\u00f6chte. Das Set zum Vorteilspreis gegen\u00fcber von Einzelbestellungen eignet sich hervorragend f\u00fcr den Einsatz im Schulzimmer (z.B. Postenarbeit, Wochenplanarbeit, usw.)<\/p>\n<p>Das Schulzimmer-Set GX enth\u00e4lt 3 offene Bechersets (Farbe und Modell nach Lagerbestand), 3 Timer (GX), 3 StackMat, 1 passende Flaschentasche zur Aufbewahrung und zum Transportieren. Das Schulzimmer-Set G5 enth\u00e4lt hingegen 9 offene Bechersets und 3 Timer der G5-Generation.<\/p>\n<p>Dieser Artikel ist ausschliesslich f\u00fcr den internen Gebrauch von Schulen, Vereinen und \u00e4hnlichen Institutionen bestimmt. S\u00e4mtliche Rabatte sind bereits abgezogen und die Verrechnung der Versandkosten erfolgt nach Gewicht.<\/p>","protected":false},"excerpt":{"rendered":"<p>Die Auslieferung erfolgt nur an Schulen Das Schulzimmer-Set Pro ist die richtige Wahl, wenn man das regelm\u00e4ssige \u00dcben nach der Grundeinf\u00fchrung dank Zeitmessung noch attraktiver gestalten m\u00f6chte. Das Set zum Vorteilspreis gegen\u00fcber von Einzelbestellungen eignet sich hervorragend f\u00fcr den Einsatz im Schulzimmer (z.B. Postenarbeit, Wochenplanarbeit, usw.) Das Schulzimmer-Set GX enth\u00e4lt 3 offene Bechersets (Farbe und [&hellip;]<\/p>\n","protected":false},"featured_media":253,"template":"","meta":{"pagelayer_contact_templates":[],"_pagelayer_content":""},"product_brand":[],"product_cat":[84],"product_tag":[],"class_list":{"0":"post-252","1":"product","2":"type-product","3":"status-publish","4":"has-post-thumbnail","6":"product_cat-schulangebote","8":"first","9":"instock","10":"taxable","11":"shipping-taxable","12":"purchasable","13":"product-type-variable"},"jetpack_sharing_enabled":true,"_links":{"self":[{"href":"https:\/\/www.speedstacks.ch\/fr\/wp-json\/wp\/v2\/product\/252","targetHints":{"allow":["GET"]}}],"collection":[{"href":"https:\/\/www.speedstacks.ch\/fr\/wp-json\/wp\/v2\/product"}],"about":[{"href":"https:\/\/www.speedstacks.ch\/fr\/wp-json\/wp\/v2\/types\/product"}],"wp:featuredmedia":[{"embeddable":true,"href":"https:\/\/www.speedstacks.ch\/fr\/wp-json\/wp\/v2\/media\/253"}],"wp:attachment":[{"href":"https:\/\/www.speedstacks.ch\/fr\/wp-json\/wp\/v2\/media?parent=252"}],"wp:term":[{"taxonomy":"product_brand","embeddable":true,"href":"https:\/\/www.speedstacks.ch\/fr\/wp-json\/wp\/v2\/product_brand?post=252"},{"taxonomy":"product_cat","embeddable":true,"href":"https:\/\/www.speedstacks.ch\/fr\/wp-json\/wp\/v2\/product_cat?post=252"},{"taxonomy":"product_tag","embeddable":true,"href":"https:\/\/www.speedstacks.ch\/fr\/wp-json\/wp\/v2\/product_tag?post=252"}],"curies":[{"name":"wp","href":"https:\/\/api.w.org\/{rel}","templated":true}]}}