{"id":257,"date":"2023-02-26T20:31:17","date_gmt":"2023-02-26T20:31:17","guid":{"rendered":"https:\/\/www.speedstacks.freestacks.ch\/?post_type=product&#038;p=257"},"modified":"2023-11-15T21:08:44","modified_gmt":"2023-11-15T21:08:44","slug":"schulset-becher-offen","status":"publish","type":"product","link":"https:\/\/www.speedstacks.ch\/fr\/produit\/schulset-becher-offen\/","title":{"rendered":"Schulset Becher offen"},"content":{"rendered":"<p><strong>Les livraisons ne sont effectu\u00e9es qu'aux \u00e9coles<\/strong><\/p>\n<p>Das Kombiangebot mit 6 offenen Bechersets dient als ideale Erg\u00e4nzung zum bereits vorhandenen Sport Pack. Bei engem Budget erm\u00f6glicht es nat\u00fcrlich auch den kosteng\u00fcnstigen Einstieg in ein Schulprogramm.<\/p>\n<p>Das Schul-Set enth\u00e4lt Einzelbecher in assortierten Farben (nach Lagerbestand).<\/p>\n<p>Dieser Artikel ist ausschliesslich f\u00fcr den internen Gebrauch von Schulen, Vereinen und \u00e4hnlichen Institutionen bestimmt. S\u00e4mtliche Rabatte sind bereits abgezogen und die Verrechnung der Versandkosten erfolgt nach Gewicht.<\/p>","protected":false},"excerpt":{"rendered":"<p>Die Auslieferung erfolgt nur an Schulen Das Kombiangebot mit 6 offenen Bechersets dient als ideale Erg\u00e4nzung zum bereits vorhandenen Sport Pack. Bei engem Budget erm\u00f6glicht es nat\u00fcrlich auch den kosteng\u00fcnstigen Einstieg in ein Schulprogramm. Das Schul-Set enth\u00e4lt Einzelbecher in assortierten Farben (nach Lagerbestand). Dieser Artikel ist ausschliesslich f\u00fcr den internen Gebrauch von Schulen, Vereinen und [&hellip;]<\/p>\n","protected":false},"featured_media":256,"template":"","meta":{"pagelayer_contact_templates":[],"_pagelayer_content":""},"product_brand":[],"product_cat":[84],"product_tag":[],"class_list":{"0":"post-257","1":"product","2":"type-product","3":"status-publish","4":"has-post-thumbnail","6":"product_cat-schulangebote","8":"first","9":"instock","10":"taxable","11":"shipping-taxable","12":"purchasable","13":"product-type-variable"},"jetpack_sharing_enabled":true,"_links":{"self":[{"href":"https:\/\/www.speedstacks.ch\/fr\/wp-json\/wp\/v2\/product\/257","targetHints":{"allow":["GET"]}}],"collection":[{"href":"https:\/\/www.speedstacks.ch\/fr\/wp-json\/wp\/v2\/product"}],"about":[{"href":"https:\/\/www.speedstacks.ch\/fr\/wp-json\/wp\/v2\/types\/product"}],"wp:featuredmedia":[{"embeddable":true,"href":"https:\/\/www.speedstacks.ch\/fr\/wp-json\/wp\/v2\/media\/256"}],"wp:attachment":[{"href":"https:\/\/www.speedstacks.ch\/fr\/wp-json\/wp\/v2\/media?parent=257"}],"wp:term":[{"taxonomy":"product_brand","embeddable":true,"href":"https:\/\/www.speedstacks.ch\/fr\/wp-json\/wp\/v2\/product_brand?post=257"},{"taxonomy":"product_cat","embeddable":true,"href":"https:\/\/www.speedstacks.ch\/fr\/wp-json\/wp\/v2\/product_cat?post=257"},{"taxonomy":"product_tag","embeddable":true,"href":"https:\/\/www.speedstacks.ch\/fr\/wp-json\/wp\/v2\/product_tag?post=257"}],"curies":[{"name":"wp","href":"https:\/\/api.w.org\/{rel}","templated":true}]}}