{"id":258,"date":"2023-02-26T20:32:07","date_gmt":"2023-02-26T20:32:07","guid":{"rendered":"https:\/\/www.speedstacks.freestacks.ch\/?post_type=product&#038;p=258"},"modified":"2024-06-30T13:02:11","modified_gmt":"2024-06-30T13:02:11","slug":"sport-pack-schulkoffer","status":"publish","type":"product","link":"https:\/\/www.speedstacks.ch\/fr\/produit\/sport-pack-schulkoffer\/","title":{"rendered":"Sport Pack (valise scolaire)"},"content":{"rendered":"<p><strong>Les livraisons ne sont effectu\u00e9es qu'aux \u00e9coles<\/strong><\/p>\n<p>Das Sport Pack enth\u00e4lt eine ideale Grundausr\u00fcstung f\u00fcr die abwechslungsreiche Gestaltung Ihres Sport Stacking Unterrichtes. Der beste Einstieg um ein Schulprogramm zu starten \u2013 und dies zum absoluten Vorzugspreis gegen\u00fcber von Einzelbestellungen.<\/p>\n<p>Das Sport Pack enth\u00e4lt eine gew\u00e4hlte Anzahl offener Bechersets und 1 Kombiset Timer &amp; StackMat, 1 Set Mini Stacks. Alles Material ist in einer passenden Spezialtasche mit sch\u00fctzenden F\u00e4chereinteilungen verpackt.<\/p>\n<p>Dieser Artikel ist ausschliesslich f\u00fcr den internen Gebrauch von Schulen, Vereinen und \u00e4hnlichen Institutionen bestimmt. S\u00e4mtliche Rabatte sind bereits abgezogen und die Verrechnung der Versandkosten erfolgt nach Gewicht.<\/p>","protected":false},"excerpt":{"rendered":"<p>Die Auslieferung erfolgt nur an Schulen Das Sport Pack enth\u00e4lt eine ideale Grundausr\u00fcstung f\u00fcr die abwechslungsreiche Gestaltung Ihres Sport Stacking Unterrichtes. Der beste Einstieg um ein Schulprogramm zu starten \u2013 und dies zum absoluten Vorzugspreis gegen\u00fcber von Einzelbestellungen. Das Sport Pack enth\u00e4lt eine gew\u00e4hlte Anzahl offener Bechersets und 1 Kombiset Timer &amp; StackMat, 1 Set [&hellip;]<\/p>\n","protected":false},"featured_media":255,"template":"","meta":{"pagelayer_contact_templates":[],"_pagelayer_content":""},"product_brand":[],"product_cat":[84],"product_tag":[],"class_list":{"0":"post-258","1":"product","2":"type-product","3":"status-publish","4":"has-post-thumbnail","6":"product_cat-schulangebote","7":"product_shipping_class-uebergroesse-oder-gewicht","9":"first","10":"instock","11":"taxable","12":"shipping-taxable","13":"purchasable","14":"product-type-variable"},"jetpack_sharing_enabled":true,"_links":{"self":[{"href":"https:\/\/www.speedstacks.ch\/fr\/wp-json\/wp\/v2\/product\/258","targetHints":{"allow":["GET"]}}],"collection":[{"href":"https:\/\/www.speedstacks.ch\/fr\/wp-json\/wp\/v2\/product"}],"about":[{"href":"https:\/\/www.speedstacks.ch\/fr\/wp-json\/wp\/v2\/types\/product"}],"wp:featuredmedia":[{"embeddable":true,"href":"https:\/\/www.speedstacks.ch\/fr\/wp-json\/wp\/v2\/media\/255"}],"wp:attachment":[{"href":"https:\/\/www.speedstacks.ch\/fr\/wp-json\/wp\/v2\/media?parent=258"}],"wp:term":[{"taxonomy":"product_brand","embeddable":true,"href":"https:\/\/www.speedstacks.ch\/fr\/wp-json\/wp\/v2\/product_brand?post=258"},{"taxonomy":"product_cat","embeddable":true,"href":"https:\/\/www.speedstacks.ch\/fr\/wp-json\/wp\/v2\/product_cat?post=258"},{"taxonomy":"product_tag","embeddable":true,"href":"https:\/\/www.speedstacks.ch\/fr\/wp-json\/wp\/v2\/product_tag?post=258"}],"curies":[{"name":"wp","href":"https:\/\/api.w.org\/{rel}","templated":true}]}}