{"id":259,"date":"2023-02-26T20:34:13","date_gmt":"2023-02-26T20:34:13","guid":{"rendered":"https:\/\/www.speedstacks.freestacks.ch\/?post_type=product&#038;p=259"},"modified":"2023-05-10T16:45:29","modified_gmt":"2023-05-10T16:45:29","slug":"tournament-display-pro","status":"publish","type":"product","link":"https:\/\/www.speedstacks.ch\/fr\/produit\/tournament-display-pro\/","title":{"rendered":"Tournament Display Pro"},"content":{"rendered":"<p>Das Tournament Display dient als perfekte Grossanzeige f\u00fcr Turniere und Veranstaltungen. Zuschauer und Schiedsrichter k\u00f6nnen die gestapelten Zeiten damit auch aus gr\u00f6sserer Distanz einsehen. Das Display Pro passt zur neuen Timer Pro-Generation mit 1000stel-Anzeige. Die LED-Anzeigetafel mit Kabelanschluss f\u00fcr Timer ben\u00f6tigt 8 AA-Batterien (nicht im Lieferumfang enthalten).<\/p>\n<p>Das Tournament Display Pro enth\u00e4lt 1 Display, 1 Stange mit Schraubvorrichtung zur Befestigung am Tisch und 1 Verbindungskabel zum Timer. Es wird in einer passenden Kartonverpackung geliefert. Die Verrechnung der Versandkosten erfolgt nach Gewicht.<\/p>","protected":false},"excerpt":{"rendered":"<p>Das Tournament Display dient als perfekte Grossanzeige f\u00fcr Turniere und Veranstaltungen. Zuschauer und Schiedsrichter k\u00f6nnen die gestapelten Zeiten damit auch aus gr\u00f6sserer Distanz einsehen. Das Display Pro passt zur neuen Timer Pro-Generation mit 1000stel-Anzeige. Die LED-Anzeigetafel mit Kabelanschluss f\u00fcr Timer ben\u00f6tigt 8 AA-Batterien (nicht im Lieferumfang enthalten). Das Tournament Display Pro enth\u00e4lt 1 Display, 1 [&hellip;]<\/p>\n","protected":false},"featured_media":254,"template":"","meta":{"pagelayer_contact_templates":[],"_pagelayer_content":""},"product_brand":[],"product_cat":[85],"product_tag":[],"class_list":{"0":"post-259","1":"product","2":"type-product","3":"status-publish","4":"has-post-thumbnail","6":"product_cat-zubehoer","8":"first","9":"instock","10":"taxable","11":"shipping-taxable","12":"purchasable","13":"product-type-simple"},"jetpack_sharing_enabled":true,"_links":{"self":[{"href":"https:\/\/www.speedstacks.ch\/fr\/wp-json\/wp\/v2\/product\/259","targetHints":{"allow":["GET"]}}],"collection":[{"href":"https:\/\/www.speedstacks.ch\/fr\/wp-json\/wp\/v2\/product"}],"about":[{"href":"https:\/\/www.speedstacks.ch\/fr\/wp-json\/wp\/v2\/types\/product"}],"wp:featuredmedia":[{"embeddable":true,"href":"https:\/\/www.speedstacks.ch\/fr\/wp-json\/wp\/v2\/media\/254"}],"wp:attachment":[{"href":"https:\/\/www.speedstacks.ch\/fr\/wp-json\/wp\/v2\/media?parent=259"}],"wp:term":[{"taxonomy":"product_brand","embeddable":true,"href":"https:\/\/www.speedstacks.ch\/fr\/wp-json\/wp\/v2\/product_brand?post=259"},{"taxonomy":"product_cat","embeddable":true,"href":"https:\/\/www.speedstacks.ch\/fr\/wp-json\/wp\/v2\/product_cat?post=259"},{"taxonomy":"product_tag","embeddable":true,"href":"https:\/\/www.speedstacks.ch\/fr\/wp-json\/wp\/v2\/product_tag?post=259"}],"curies":[{"name":"wp","href":"https:\/\/api.w.org\/{rel}","templated":true}]}}