{"id":263,"date":"2023-02-26T20:41:29","date_gmt":"2023-02-26T20:41:29","guid":{"rendered":"https:\/\/www.speedstacks.freestacks.ch\/?post_type=product&#038;p=263"},"modified":"2023-09-16T19:04:35","modified_gmt":"2023-09-16T19:04:35","slug":"snaptops-einlagescheiben","status":"publish","type":"product","link":"https:\/\/www.speedstacks.ch\/fr\/produit\/snaptops-einlagescheiben\/","title":{"rendered":"SnapTops-Einlagescheiben"},"content":{"rendered":"<p>Mit diesen Einlagescheiben k\u00f6nnen die Speed Stacks Becher der neuen Generation 2013 individuell gestaltet werden. Die Becher erkennen Sie am grossen Loch f\u00fcr den Luftdurchlass und an der Vertiefung im Boden f\u00fcr das Einlegen der SnapTops.<\/p>\n<p>Jedes Set enth\u00e4lt 12 SnapTops-Einlagescheiben derselben Farbe zum Einklicken.<\/p>","protected":false},"excerpt":{"rendered":"<p>Mit diesen Einlagescheiben k\u00f6nnen die Speed Stacks Becher der neuen Generation 2013 individuell gestaltet werden. Die Becher erkennen Sie am grossen Loch f\u00fcr den Luftdurchlass und an der Vertiefung im Boden f\u00fcr das Einlegen der SnapTops. Jedes Set enth\u00e4lt 12 SnapTops-Einlagescheiben derselben Farbe zum Einklicken.<\/p>","protected":false},"featured_media":269,"template":"","meta":{"pagelayer_contact_templates":[],"_pagelayer_content":""},"product_brand":[],"product_cat":[85],"product_tag":[],"class_list":{"0":"post-263","1":"product","2":"type-product","3":"status-publish","4":"has-post-thumbnail","6":"product_cat-zubehoer","8":"first","9":"instock","10":"taxable","11":"shipping-taxable","12":"purchasable","13":"product-type-variable"},"jetpack_sharing_enabled":true,"_links":{"self":[{"href":"https:\/\/www.speedstacks.ch\/fr\/wp-json\/wp\/v2\/product\/263","targetHints":{"allow":["GET"]}}],"collection":[{"href":"https:\/\/www.speedstacks.ch\/fr\/wp-json\/wp\/v2\/product"}],"about":[{"href":"https:\/\/www.speedstacks.ch\/fr\/wp-json\/wp\/v2\/types\/product"}],"wp:featuredmedia":[{"embeddable":true,"href":"https:\/\/www.speedstacks.ch\/fr\/wp-json\/wp\/v2\/media\/269"}],"wp:attachment":[{"href":"https:\/\/www.speedstacks.ch\/fr\/wp-json\/wp\/v2\/media?parent=263"}],"wp:term":[{"taxonomy":"product_brand","embeddable":true,"href":"https:\/\/www.speedstacks.ch\/fr\/wp-json\/wp\/v2\/product_brand?post=263"},{"taxonomy":"product_cat","embeddable":true,"href":"https:\/\/www.speedstacks.ch\/fr\/wp-json\/wp\/v2\/product_cat?post=263"},{"taxonomy":"product_tag","embeddable":true,"href":"https:\/\/www.speedstacks.ch\/fr\/wp-json\/wp\/v2\/product_tag?post=263"}],"curies":[{"name":"wp","href":"https:\/\/api.w.org\/{rel}","templated":true}]}}