{"id":285,"date":"2023-02-26T20:50:30","date_gmt":"2023-02-26T20:50:30","guid":{"rendered":"https:\/\/www.speedstacks.freestacks.ch\/?post_type=product&#038;p=285"},"modified":"2023-05-10T16:44:47","modified_gmt":"2023-05-10T16:44:47","slug":"ersatzmaterial","status":"publish","type":"product","link":"https:\/\/www.speedstacks.ch\/fr\/produit\/ersatzmaterial\/","title":{"rendered":"Mat\u00e9riel de remplacement"},"content":{"rendered":"<p>Ein Becher ist zerbrochen, die praktische Tasche nicht mehr auffindbar oder beim bestellten Starterset ist zus\u00e4tzlich ein Haltegriff f\u00fcr das Becherset erw\u00fcnscht. Kein Problem \u2013 wir k\u00f6nnen in vielen F\u00e4llen das gew\u00fcnschte Ersatzmaterial liefern.<\/p>\n<p>Unsere Becher, Traggriffe und Tragbeutel des aktuellen Sortiments sind gr\u00f6sstenteils auch einzeln erh\u00e4ltlich. Bei \u00e4lteren Modellen lohnt sich die Anfrage \u2013 auch bei diesen k\u00f6nnen wir defekte Artikel oftmals noch ersetzen.<\/p>","protected":false},"excerpt":{"rendered":"<p>Ein Becher ist zerbrochen, die praktische Tasche nicht mehr auffindbar oder beim bestellten Starterset ist zus\u00e4tzlich ein Haltegriff f\u00fcr das Becherset erw\u00fcnscht. Kein Problem \u2013 wir k\u00f6nnen in vielen F\u00e4llen das gew\u00fcnschte Ersatzmaterial liefern. Unsere Becher, Traggriffe und Tragbeutel des aktuellen Sortiments sind gr\u00f6sstenteils auch einzeln erh\u00e4ltlich. Bei \u00e4lteren Modellen lohnt sich die Anfrage \u2013 [&hellip;]<\/p>\n","protected":false},"featured_media":289,"template":"","meta":{"pagelayer_contact_templates":[],"_pagelayer_content":""},"product_brand":[],"product_cat":[86],"product_tag":[],"class_list":{"0":"post-285","1":"product","2":"type-product","3":"status-publish","4":"has-post-thumbnail","6":"product_cat-ersatzmaterial","8":"first","9":"instock","10":"taxable","11":"shipping-taxable","12":"purchasable","13":"product-type-variable"},"jetpack_sharing_enabled":true,"_links":{"self":[{"href":"https:\/\/www.speedstacks.ch\/fr\/wp-json\/wp\/v2\/product\/285","targetHints":{"allow":["GET"]}}],"collection":[{"href":"https:\/\/www.speedstacks.ch\/fr\/wp-json\/wp\/v2\/product"}],"about":[{"href":"https:\/\/www.speedstacks.ch\/fr\/wp-json\/wp\/v2\/types\/product"}],"wp:featuredmedia":[{"embeddable":true,"href":"https:\/\/www.speedstacks.ch\/fr\/wp-json\/wp\/v2\/media\/289"}],"wp:attachment":[{"href":"https:\/\/www.speedstacks.ch\/fr\/wp-json\/wp\/v2\/media?parent=285"}],"wp:term":[{"taxonomy":"product_brand","embeddable":true,"href":"https:\/\/www.speedstacks.ch\/fr\/wp-json\/wp\/v2\/product_brand?post=285"},{"taxonomy":"product_cat","embeddable":true,"href":"https:\/\/www.speedstacks.ch\/fr\/wp-json\/wp\/v2\/product_cat?post=285"},{"taxonomy":"product_tag","embeddable":true,"href":"https:\/\/www.speedstacks.ch\/fr\/wp-json\/wp\/v2\/product_tag?post=285"}],"curies":[{"name":"wp","href":"https:\/\/api.w.org\/{rel}","templated":true}]}}