{"id":399,"date":"2023-03-25T08:50:46","date_gmt":"2023-03-25T08:50:46","guid":{"rendered":"https:\/\/www.speedstacks.ch\/?post_type=product&#038;p=399"},"modified":"2026-03-14T09:15:19","modified_gmt":"2026-03-14T09:15:19","slug":"starterset-g5","status":"publish","type":"product","link":"https:\/\/www.speedstacks.ch\/fr\/produit\/starterset-g5\/","title":{"rendered":"Starterset G5"},"content":{"rendered":"<p>Du bist bereit f\u00fcr deinen ersten Wettkampf? Dann ist das hier genau das richtige Set f\u00fcr dich. Das Starterset beinhaltet eine einfache Grundausr\u00fcstung f\u00fcr einen perfekten Start ins Sport Stacking. Die Becher d\u00fcrfen an s\u00e4mtlichen Turnieren eingesetzt werden und sind vom Weltverband WSSA offiziell zugelassen. Der neue Speed Stacks Gen 5 Timer ist der n\u00e4chste Schritt in der Evolution des Sport Stacking und bringt vor allem im Wettkampfbereich grosse Vorteile. Das patentierte Vier-Pad-Aktivierungssystem stellt sicher, dass die H\u00e4nde beim Starten und Stoppen des Timers keine Becher halten k\u00f6nnen.<\/p>\n<p>Das Starterset enth\u00e4lt 1 Timer Pro Gen 5, 1 Stackmat, 12 Speed Stacks Einzelbecher nach Wahl und 1 Cupkeeper. In der mitgelieferten Tragtasche ist gen\u00fcgend Platz f\u00fcr ein zus\u00e4tzliches Becherset.<\/p>","protected":false},"excerpt":{"rendered":"<p>Du bist bereit f\u00fcr deinen ersten Wettkampf? Dann ist das hier genau das richtige Set f\u00fcr dich. Das Starterset beinhaltet eine einfache Grundausr\u00fcstung f\u00fcr einen perfekten Start ins Sport Stacking. Die Becher d\u00fcrfen an s\u00e4mtlichen Turnieren eingesetzt werden und sind vom Weltverband WSSA offiziell zugelassen. Der neue Speed Stacks Gen 5 Timer ist der n\u00e4chste [&hellip;]<\/p>\n","protected":false},"featured_media":402,"template":"","meta":{"pagelayer_contact_templates":[],"_pagelayer_content":""},"product_brand":[],"product_cat":[83],"product_tag":[],"class_list":{"0":"post-399","1":"product","2":"type-product","3":"status-publish","4":"has-post-thumbnail","6":"product_cat-kombi-und-starterset","8":"first","9":"instock","10":"taxable","11":"shipping-taxable","12":"purchasable","13":"product-type-variable"},"jetpack_sharing_enabled":true,"_links":{"self":[{"href":"https:\/\/www.speedstacks.ch\/fr\/wp-json\/wp\/v2\/product\/399","targetHints":{"allow":["GET"]}}],"collection":[{"href":"https:\/\/www.speedstacks.ch\/fr\/wp-json\/wp\/v2\/product"}],"about":[{"href":"https:\/\/www.speedstacks.ch\/fr\/wp-json\/wp\/v2\/types\/product"}],"wp:featuredmedia":[{"embeddable":true,"href":"https:\/\/www.speedstacks.ch\/fr\/wp-json\/wp\/v2\/media\/402"}],"wp:attachment":[{"href":"https:\/\/www.speedstacks.ch\/fr\/wp-json\/wp\/v2\/media?parent=399"}],"wp:term":[{"taxonomy":"product_brand","embeddable":true,"href":"https:\/\/www.speedstacks.ch\/fr\/wp-json\/wp\/v2\/product_brand?post=399"},{"taxonomy":"product_cat","embeddable":true,"href":"https:\/\/www.speedstacks.ch\/fr\/wp-json\/wp\/v2\/product_cat?post=399"},{"taxonomy":"product_tag","embeddable":true,"href":"https:\/\/www.speedstacks.ch\/fr\/wp-json\/wp\/v2\/product_tag?post=399"}],"curies":[{"name":"wp","href":"https:\/\/api.w.org\/{rel}","templated":true}]}}