{"id":521,"date":"2023-04-24T20:24:38","date_gmt":"2023-04-24T20:24:38","guid":{"rendered":"https:\/\/www.speedstacks.ch\/?post_type=product&#038;p=521"},"modified":"2023-04-24T20:27:56","modified_gmt":"2023-04-24T20:27:56","slug":"schulrabatt","status":"publish","type":"product","link":"https:\/\/www.speedstacks.ch\/fr\/produit\/schulrabatt\/","title":{"rendered":"R\u00e9duction pour les \u00e9coles"},"content":{"rendered":"<p><strong>Das Angebot gilt nur f\u00fcr Schulen<\/strong><\/p>\n<p>En tant qu'\u00e9cole, vous b\u00e9n\u00e9ficiez d'une r\u00e9duction de 10% sur l'ensemble de l'assortiment (\u00e0 l'exception du set de salle de classe Pro, du Sport Pack et du gobelet Schulet ouvert) avec le code de r\u00e9duction SCHULE10. La r\u00e9duction n'est valable que si elle est ajout\u00e9e au panier \u00e0 l'aide du code de bon et si l'adresse de facturation et de livraison correspond \u00e0 une \u00e9cole officielle. Les organisations \u00e0 but non lucratif peuvent \u00e9galement b\u00e9n\u00e9ficier de la remise sur demande.<\/p>","protected":false},"excerpt":{"rendered":"<p>Das Angebot gilt nur f\u00fcr Schulen Als Schule profitieren Sie von 10% Rabatt auf das Gesamte Sortiment (ausgenommen Schulzimmerset Pro, Sport Pack, Schulet Becher offen) mit dem Rabattcode SCHULE10. Der Rabatt ist nur g\u00fcltig, wenn er mittels dem Gutscheincode im Warenkorb hinzugef\u00fcgt wird und die Rechnungs- sowie Lieferadresse einer offiziellen Schule entspricht. Gemeinn\u00fctzige Organisationen k\u00f6nnen [&hellip;]<\/p>\n","protected":false},"featured_media":229,"template":"","meta":{"pagelayer_contact_templates":[],"_pagelayer_content":""},"product_brand":[],"product_cat":[84],"product_tag":[],"class_list":{"0":"post-521","1":"product","2":"type-product","3":"status-publish","4":"has-post-thumbnail","6":"product_cat-schulangebote","8":"first","9":"instock","10":"taxable","11":"shipping-taxable","12":"product-type-simple"},"jetpack_sharing_enabled":true,"_links":{"self":[{"href":"https:\/\/www.speedstacks.ch\/fr\/wp-json\/wp\/v2\/product\/521","targetHints":{"allow":["GET"]}}],"collection":[{"href":"https:\/\/www.speedstacks.ch\/fr\/wp-json\/wp\/v2\/product"}],"about":[{"href":"https:\/\/www.speedstacks.ch\/fr\/wp-json\/wp\/v2\/types\/product"}],"wp:featuredmedia":[{"embeddable":true,"href":"https:\/\/www.speedstacks.ch\/fr\/wp-json\/wp\/v2\/media\/229"}],"wp:attachment":[{"href":"https:\/\/www.speedstacks.ch\/fr\/wp-json\/wp\/v2\/media?parent=521"}],"wp:term":[{"taxonomy":"product_brand","embeddable":true,"href":"https:\/\/www.speedstacks.ch\/fr\/wp-json\/wp\/v2\/product_brand?post=521"},{"taxonomy":"product_cat","embeddable":true,"href":"https:\/\/www.speedstacks.ch\/fr\/wp-json\/wp\/v2\/product_cat?post=521"},{"taxonomy":"product_tag","embeddable":true,"href":"https:\/\/www.speedstacks.ch\/fr\/wp-json\/wp\/v2\/product_tag?post=521"}],"curies":[{"name":"wp","href":"https:\/\/api.w.org\/{rel}","templated":true}]}}