{"id":891,"date":"2024-02-08T10:56:59","date_gmt":"2024-02-08T10:56:59","guid":{"rendered":"https:\/\/www.speedstacks.ch\/?post_type=product&#038;p=891"},"modified":"2024-02-08T11:00:09","modified_gmt":"2024-02-08T11:00:09","slug":"kombiset-speed-cubing-mat-timer","status":"publish","type":"product","link":"https:\/\/www.speedstacks.ch\/fr\/produit\/kombiset-speed-cubing-mat-timer\/","title":{"rendered":"Kombiset Speed Cubing Mat &#038; Timer"},"content":{"rendered":"<p>Die Matte wurde extra f\u00fcr Speed Cuber entwickelt, sie ist kleiner als die Stackingmatte und bietet f\u00fcr Cuber exakt die richtige Gr\u00f6\u00dfe. Achtung, die Matte ist kleiner als die Sport Stacking Matte, daher nur f\u00fcr Speed Cuber geeignet.<\/p>\n<p>Das Kombiset enth\u00e4lt 1 Timer Pro Gen 5 und 1 Cubingmatte und ist nur als Set erh\u00e4ltlich.<\/p>","protected":false},"excerpt":{"rendered":"<p>Die Matte wurde extra f\u00fcr Speed Cuber entwickelt, sie ist kleiner als die Stackingmatte und bietet f\u00fcr Cuber exakt die richtige Gr\u00f6\u00dfe. Achtung, die Matte ist kleiner als die Sport Stacking Matte, daher nur f\u00fcr Speed Cuber geeignet. Das Kombiset enth\u00e4lt 1 Timer Pro Gen 5 und 1 Cubingmatte und ist nur als Set erh\u00e4ltlich.<\/p>","protected":false},"featured_media":894,"template":"","meta":{"pagelayer_contact_templates":[],"_pagelayer_content":""},"product_brand":[],"product_cat":[80],"product_tag":[],"class_list":{"0":"post-891","1":"product","2":"type-product","3":"status-publish","4":"has-post-thumbnail","6":"product_cat-matten-timer","8":"first","9":"instock","10":"taxable","11":"shipping-taxable","12":"purchasable","13":"product-type-simple"},"jetpack_sharing_enabled":true,"_links":{"self":[{"href":"https:\/\/www.speedstacks.ch\/fr\/wp-json\/wp\/v2\/product\/891","targetHints":{"allow":["GET"]}}],"collection":[{"href":"https:\/\/www.speedstacks.ch\/fr\/wp-json\/wp\/v2\/product"}],"about":[{"href":"https:\/\/www.speedstacks.ch\/fr\/wp-json\/wp\/v2\/types\/product"}],"wp:featuredmedia":[{"embeddable":true,"href":"https:\/\/www.speedstacks.ch\/fr\/wp-json\/wp\/v2\/media\/894"}],"wp:attachment":[{"href":"https:\/\/www.speedstacks.ch\/fr\/wp-json\/wp\/v2\/media?parent=891"}],"wp:term":[{"taxonomy":"product_brand","embeddable":true,"href":"https:\/\/www.speedstacks.ch\/fr\/wp-json\/wp\/v2\/product_brand?post=891"},{"taxonomy":"product_cat","embeddable":true,"href":"https:\/\/www.speedstacks.ch\/fr\/wp-json\/wp\/v2\/product_cat?post=891"},{"taxonomy":"product_tag","embeddable":true,"href":"https:\/\/www.speedstacks.ch\/fr\/wp-json\/wp\/v2\/product_tag?post=891"}],"curies":[{"name":"wp","href":"https:\/\/api.w.org\/{rel}","templated":true}]}}